{"id":3229,"date":"2025-06-19T14:57:53","date_gmt":"2025-06-19T12:57:53","guid":{"rendered":"https:\/\/ecolelesage.com\/product\/decouverte-crochet-niveau-2-coquelicot\/"},"modified":"2025-06-23T10:45:45","modified_gmt":"2025-06-23T08:45:45","slug":"decouverte-crochet-niveau-2-coquelicot","status":"publish","type":"product","link":"https:\/\/ecolelesage.com\/fr\/produit\/decouverte-crochet-niveau-2-coquelicot\/","title":{"rendered":"DECOUVERTE CROCHET NIVEAU 2 &#8211; COQUELICOT"},"content":{"rendered":"&#013;\n<p>Passez \u00e0 la vitesse sup\u00e9rieure avec le c<strong>ours de broderie de Lun\u00e9ville de niveau 2 \u00e0 l&rsquo;\u00c9cole Lesage.&#013;\n<\/strong>Con\u00e7u pour les \u00e9tudiants qui ont d\u00e9j\u00e0 suivi le cours d&rsquo;<strong>introduction de niveau 1.<\/strong><\/p>&#013;\n&#013;\n<p>A travers <strong>18 heures de formation<\/strong> (6 cours de 3 heures), vous perfectionnerez l&rsquo;art de la broderie au <strong>crochet de Lun\u00e9ville<\/strong>, en vous concentrant sur la cr\u00e9ation d&rsquo;un motif de coquelicot techniquement complexe.&#013;\nCette fleur, symbole de l\u00e9g\u00e8ret\u00e9 et de force, vous permettra d&rsquo;am\u00e9liorer votre pr\u00e9cision, votre rythme et votre maitrise du crochet de lun\u00e9ville.<\/p>&#013;\n&#013;\n<p>Throughout the course, you\u2019ll practice advanced techniques such as <strong>reverse stitching with beads and sequins<\/strong>, <strong>chain stitching<\/strong>, and subtle <strong>shading effects<\/strong>, guided by professional embroiderers trained in the Lesage tradition. The intimate class setting encourages individual feedback and fosters a hands-on, immersive experience in an environment where <strong>craftsmanship meets couture<\/strong>.<\/p>&#013;\n&#013;\n<p>Ce cours offre \u00e9galement la possibilit\u00e9 d&rsquo;approfondir votre compr\u00e9hension de l&rsquo;harmonie des couleurs, des combinaisons de mat\u00e9riaux et des choix subtils qui font passer une pi\u00e8ce d&rsquo;un simple embellissement \u00e0 une v\u00e9ritable expression artistique. Le travail sur le motif du coquelicot vous permettra d&rsquo;exp\u00e9rimenter diff\u00e9rentes finitions et effets tout en apprenant \u00e0 adapter les techniques traditionnelles \u00e0 l&rsquo;esth\u00e9tique contemporaine.<\/p>&#013;\n&#013;\n<p>\u00c0 la fin du cours, vous aurez r\u00e9alis\u00e9 un \u00e9chantillon de broderie richement d\u00e9taill\u00e9 et acquis la confiance n\u00e9cessaire pour entreprendre des projets plus ambitieux, qu&rsquo;ils soient personnels, professionnels ou pr\u00e9paratoires \u00e0 des niveaux plus avanc\u00e9s. C&rsquo;est une \u00e9tape pr\u00e9cieuse pour tous ceux qui aspirent \u00e0 affiner leur technique et \u00e0 profiter pleinement de l&rsquo;\u00e9l\u00e9gance de la broderie de Lun\u00e9ville.<\/p>&#013;\n&#013;\n<p>Que vous soyez passionn\u00e9 ou professionnel de la mode, ce cours enrichira votre compr\u00e9hension de la broderie haute couture et vous donnera la confiance n\u00e9cessaire pour r\u00e9aliser des projets plus complexes.<\/p>&#013;\n","protected":false},"excerpt":{"rendered":"<p>Un cours de 21 heures de niveau 2 en broderie de Lun\u00e9ville, con\u00e7u pour approfondir vos comp\u00e9tences \u00e0 travers la cr\u00e9ation d&rsquo;une d\u00e9licate fleur de coquelicot. Id\u00e9al pour les d\u00e9butantes ayant une premi\u00e8re exp\u00e9rience en broderie au crochet.<\/p>\n","protected":false},"featured_media":3224,"template":"","meta":{"_acf_changed":false,"inline_featured_image":false},"product_brand":[],"product_cat":[962],"product_tag":[],"class_list":{"0":"post-3229","1":"product","2":"type-product","3":"status-publish","4":"has-post-thumbnail","6":"product_cat-initiation","8":"first","9":"instock","10":"virtual","11":"sold-individually","12":"taxable","13":"purchasable","14":"product-type-simple"},"acf":[],"yoast_head":"<!-- This site is optimized with the Yoast SEO Premium plugin v24.2 (Yoast SEO v27.5) - https:\/\/yoast.com\/product\/yoast-seo-premium-wordpress\/ -->\n<title>DECOUVERTE CROCHET NIVEAU 2 - COQUELICOT - \u00c9cole Lesage<\/title>\n<meta name=\"description\" content=\"Ma\u00eetrisez la broderie au crochet de Lun\u00e9ville gr\u00e2ce \u00e0 notre programme d&#039;initiation de niveau 2, d&#039;une dur\u00e9e de 21 heures, qui vous permettra d&#039;approfondir votre technique en brodant un magnifique coquelicot.\" \/>\n<meta name=\"robots\" content=\"index, follow, max-snippet:-1, max-image-preview:large, max-video-preview:-1\" \/>\n<link rel=\"canonical\" href=\"https:\/\/ecolelesage.com\/fr\/produit\/decouverte-crochet-niveau-2-coquelicot\/\" \/>\n<meta property=\"og:locale\" content=\"fr_FR\" \/>\n<meta property=\"og:type\" content=\"article\" \/>\n<meta property=\"og:title\" content=\"DECOUVERTE CROCHET NIVEAU 2 - COQUELICOT\" \/>\n<meta property=\"og:description\" content=\"Ma\u00eetrisez la broderie au crochet de Lun\u00e9ville gr\u00e2ce \u00e0 notre programme d&#039;initiation de niveau 2, d&#039;une dur\u00e9e de 21 heures, qui vous permettra d&#039;approfondir votre technique en brodant un magnifique coquelicot.\" \/>\n<meta property=\"og:url\" content=\"https:\/\/ecolelesage.com\/fr\/produit\/decouverte-crochet-niveau-2-coquelicot\/\" \/>\n<meta property=\"og:site_name\" content=\"\u00c9cole Lesage\" \/>\n<meta property=\"article:modified_time\" content=\"2025-06-23T08:45:45+00:00\" \/>\n<meta property=\"og:image\" content=\"https:\/\/ecolelesage.com\/wp-content\/uploads\/sites\/4\/2025\/06\/Coquelicot.png\" \/>\n\t<meta property=\"og:image:width\" content=\"1024\" \/>\n\t<meta property=\"og:image:height\" content=\"541\" \/>\n\t<meta property=\"og:image:type\" content=\"image\/png\" \/>\n<meta name=\"twitter:card\" content=\"summary_large_image\" \/>\n<meta name=\"twitter:label1\" content=\"Dur\u00e9e de lecture estim\u00e9e\" \/>\n\t<meta name=\"twitter:data1\" content=\"2 minutes\" \/>\n<script type=\"application\/ld+json\" class=\"yoast-schema-graph\">{\"@context\":\"https:\\\/\\\/schema.org\",\"@graph\":[{\"@type\":\"WebPage\",\"@id\":\"https:\\\/\\\/ecolelesage.com\\\/fr\\\/produit\\\/decouverte-crochet-niveau-2-coquelicot\\\/\",\"url\":\"https:\\\/\\\/ecolelesage.com\\\/fr\\\/produit\\\/decouverte-crochet-niveau-2-coquelicot\\\/\",\"name\":\"DECOUVERTE CROCHET NIVEAU 2 - COQUELICOT - \u00c9cole Lesage\",\"isPartOf\":{\"@id\":\"https:\\\/\\\/ecolelesage.com\\\/fr\\\/#website\"},\"primaryImageOfPage\":{\"@id\":\"https:\\\/\\\/ecolelesage.com\\\/fr\\\/produit\\\/decouverte-crochet-niveau-2-coquelicot\\\/#primaryimage\"},\"image\":{\"@id\":\"https:\\\/\\\/ecolelesage.com\\\/fr\\\/produit\\\/decouverte-crochet-niveau-2-coquelicot\\\/#primaryimage\"},\"thumbnailUrl\":\"https:\\\/\\\/ecolelesage.com\\\/wp-content\\\/uploads\\\/sites\\\/4\\\/2025\\\/06\\\/Coquelicot.png\",\"datePublished\":\"2025-06-19T12:57:53+00:00\",\"dateModified\":\"2025-06-23T08:45:45+00:00\",\"description\":\"Ma\u00eetrisez la broderie au crochet de Lun\u00e9ville gr\u00e2ce \u00e0 notre programme d'initiation de niveau 2, d'une dur\u00e9e de 21 heures, qui vous permettra d'approfondir votre technique en brodant un magnifique coquelicot.\",\"breadcrumb\":{\"@id\":\"https:\\\/\\\/ecolelesage.com\\\/fr\\\/produit\\\/decouverte-crochet-niveau-2-coquelicot\\\/#breadcrumb\"},\"inLanguage\":\"fr-FR\",\"potentialAction\":[{\"@type\":\"ReadAction\",\"target\":[\"https:\\\/\\\/ecolelesage.com\\\/fr\\\/produit\\\/decouverte-crochet-niveau-2-coquelicot\\\/\"]}]},{\"@type\":\"ImageObject\",\"inLanguage\":\"fr-FR\",\"@id\":\"https:\\\/\\\/ecolelesage.com\\\/fr\\\/produit\\\/decouverte-crochet-niveau-2-coquelicot\\\/#primaryimage\",\"url\":\"https:\\\/\\\/ecolelesage.com\\\/wp-content\\\/uploads\\\/sites\\\/4\\\/2025\\\/06\\\/Coquelicot.png\",\"contentUrl\":\"https:\\\/\\\/ecolelesage.com\\\/wp-content\\\/uploads\\\/sites\\\/4\\\/2025\\\/06\\\/Coquelicot.png\",\"width\":1024,\"height\":541,\"caption\":\"Tableau de broderie Lesage fleur coquelicot\"},{\"@type\":\"BreadcrumbList\",\"@id\":\"https:\\\/\\\/ecolelesage.com\\\/fr\\\/produit\\\/decouverte-crochet-niveau-2-coquelicot\\\/#breadcrumb\",\"itemListElement\":[{\"@type\":\"ListItem\",\"position\":1,\"name\":\"Home\",\"item\":\"https:\\\/\\\/ecolelesage.com\\\/fr\\\/\"},{\"@type\":\"ListItem\",\"position\":2,\"name\":\"DECOUVERTE CROCHET NIVEAU 2 &#8211; COQUELICOT\"}]},{\"@type\":\"WebSite\",\"@id\":\"https:\\\/\\\/ecolelesage.com\\\/fr\\\/#website\",\"url\":\"https:\\\/\\\/ecolelesage.com\\\/fr\\\/\",\"name\":\"\u00c9cole Lesage\",\"description\":\"\",\"potentialAction\":[{\"@type\":\"SearchAction\",\"target\":{\"@type\":\"EntryPoint\",\"urlTemplate\":\"https:\\\/\\\/ecolelesage.com\\\/fr\\\/?s={search_term_string}\"},\"query-input\":{\"@type\":\"PropertyValueSpecification\",\"valueRequired\":true,\"valueName\":\"search_term_string\"}}],\"inLanguage\":\"fr-FR\"}]}<\/script>\n<!-- \/ Yoast SEO Premium plugin. -->","yoast_head_json":{"title":"DECOUVERTE CROCHET NIVEAU 2 - COQUELICOT - \u00c9cole Lesage","description":"Ma\u00eetrisez la broderie au crochet de Lun\u00e9ville gr\u00e2ce \u00e0 notre programme d'initiation de niveau 2, d'une dur\u00e9e de 21 heures, qui vous permettra d'approfondir votre technique en brodant un magnifique coquelicot.","robots":{"index":"index","follow":"follow","max-snippet":"max-snippet:-1","max-image-preview":"max-image-preview:large","max-video-preview":"max-video-preview:-1"},"canonical":"https:\/\/ecolelesage.com\/fr\/produit\/decouverte-crochet-niveau-2-coquelicot\/","og_locale":"fr_FR","og_type":"article","og_title":"DECOUVERTE CROCHET NIVEAU 2 - COQUELICOT","og_description":"Ma\u00eetrisez la broderie au crochet de Lun\u00e9ville gr\u00e2ce \u00e0 notre programme d'initiation de niveau 2, d'une dur\u00e9e de 21 heures, qui vous permettra d'approfondir votre technique en brodant un magnifique coquelicot.","og_url":"https:\/\/ecolelesage.com\/fr\/produit\/decouverte-crochet-niveau-2-coquelicot\/","og_site_name":"\u00c9cole Lesage","article_modified_time":"2025-06-23T08:45:45+00:00","og_image":[{"width":1024,"height":541,"url":"https:\/\/ecolelesage.com\/wp-content\/uploads\/sites\/4\/2025\/06\/Coquelicot.png","type":"image\/png"}],"twitter_card":"summary_large_image","twitter_misc":{"Dur\u00e9e de lecture estim\u00e9e":"2 minutes"},"schema":{"@context":"https:\/\/schema.org","@graph":[{"@type":"WebPage","@id":"https:\/\/ecolelesage.com\/fr\/produit\/decouverte-crochet-niveau-2-coquelicot\/","url":"https:\/\/ecolelesage.com\/fr\/produit\/decouverte-crochet-niveau-2-coquelicot\/","name":"DECOUVERTE CROCHET NIVEAU 2 - COQUELICOT - \u00c9cole Lesage","isPartOf":{"@id":"https:\/\/ecolelesage.com\/fr\/#website"},"primaryImageOfPage":{"@id":"https:\/\/ecolelesage.com\/fr\/produit\/decouverte-crochet-niveau-2-coquelicot\/#primaryimage"},"image":{"@id":"https:\/\/ecolelesage.com\/fr\/produit\/decouverte-crochet-niveau-2-coquelicot\/#primaryimage"},"thumbnailUrl":"https:\/\/ecolelesage.com\/wp-content\/uploads\/sites\/4\/2025\/06\/Coquelicot.png","datePublished":"2025-06-19T12:57:53+00:00","dateModified":"2025-06-23T08:45:45+00:00","description":"Ma\u00eetrisez la broderie au crochet de Lun\u00e9ville gr\u00e2ce \u00e0 notre programme d'initiation de niveau 2, d'une dur\u00e9e de 21 heures, qui vous permettra d'approfondir votre technique en brodant un magnifique coquelicot.","breadcrumb":{"@id":"https:\/\/ecolelesage.com\/fr\/produit\/decouverte-crochet-niveau-2-coquelicot\/#breadcrumb"},"inLanguage":"fr-FR","potentialAction":[{"@type":"ReadAction","target":["https:\/\/ecolelesage.com\/fr\/produit\/decouverte-crochet-niveau-2-coquelicot\/"]}]},{"@type":"ImageObject","inLanguage":"fr-FR","@id":"https:\/\/ecolelesage.com\/fr\/produit\/decouverte-crochet-niveau-2-coquelicot\/#primaryimage","url":"https:\/\/ecolelesage.com\/wp-content\/uploads\/sites\/4\/2025\/06\/Coquelicot.png","contentUrl":"https:\/\/ecolelesage.com\/wp-content\/uploads\/sites\/4\/2025\/06\/Coquelicot.png","width":1024,"height":541,"caption":"Tableau de broderie Lesage fleur coquelicot"},{"@type":"BreadcrumbList","@id":"https:\/\/ecolelesage.com\/fr\/produit\/decouverte-crochet-niveau-2-coquelicot\/#breadcrumb","itemListElement":[{"@type":"ListItem","position":1,"name":"Home","item":"https:\/\/ecolelesage.com\/fr\/"},{"@type":"ListItem","position":2,"name":"DECOUVERTE CROCHET NIVEAU 2 &#8211; COQUELICOT"}]},{"@type":"WebSite","@id":"https:\/\/ecolelesage.com\/fr\/#website","url":"https:\/\/ecolelesage.com\/fr\/","name":"\u00c9cole Lesage","description":"","potentialAction":[{"@type":"SearchAction","target":{"@type":"EntryPoint","urlTemplate":"https:\/\/ecolelesage.com\/fr\/?s={search_term_string}"},"query-input":{"@type":"PropertyValueSpecification","valueRequired":true,"valueName":"search_term_string"}}],"inLanguage":"fr-FR"}]}},"_links":{"self":[{"href":"https:\/\/ecolelesage.com\/fr\/wp-json\/wp\/v2\/product\/3229","targetHints":{"allow":["GET"]}}],"collection":[{"href":"https:\/\/ecolelesage.com\/fr\/wp-json\/wp\/v2\/product"}],"about":[{"href":"https:\/\/ecolelesage.com\/fr\/wp-json\/wp\/v2\/types\/product"}],"wp:featuredmedia":[{"embeddable":true,"href":"https:\/\/ecolelesage.com\/fr\/wp-json\/wp\/v2\/media\/3224"}],"wp:attachment":[{"href":"https:\/\/ecolelesage.com\/fr\/wp-json\/wp\/v2\/media?parent=3229"}],"wp:term":[{"taxonomy":"product_brand","embeddable":true,"href":"https:\/\/ecolelesage.com\/fr\/wp-json\/wp\/v2\/product_brand?post=3229"},{"taxonomy":"product_cat","embeddable":true,"href":"https:\/\/ecolelesage.com\/fr\/wp-json\/wp\/v2\/product_cat?post=3229"},{"taxonomy":"product_tag","embeddable":true,"href":"https:\/\/ecolelesage.com\/fr\/wp-json\/wp\/v2\/product_tag?post=3229"}],"curies":[{"name":"wp","href":"https:\/\/api.w.org\/{rel}","templated":true}]}}