{"id":1737,"date":"2023-08-31T16:11:10","date_gmt":"2023-08-31T14:11:10","guid":{"rendered":"https:\/\/ecolelesage.com\/product\/niveau-2-annees-20\/"},"modified":"2025-03-19T12:02:26","modified_gmt":"2025-03-19T11:02:26","slug":"niveau-2-annees-20","status":"publish","type":"product","link":"https:\/\/ecolelesage.com\/fr\/produit\/niveau-2-annees-20\/","title":{"rendered":"NIVEAU 2 : ANNEES 20"},"content":{"rendered":"<p>&lt;strong&gt;Objectif de la formation :&lt;\/strong&gt;&lt;br&gt;<br \/>\nSymbole d\u2019une r\u00e9volution dans le monde de la mode. Ces ann\u00e9es 20 sont les plus influentes et cr\u00e9atives de l\u2019histoire de la mode moderne. Ce deuxi\u00e8me niveau de la s\u00e9rie \u00ab Histoire de la Mode \u00bb, qui n\u00e9cessite 30 heures de broderie, permets aux \u00e9l\u00e8ves de s\u2019immerger dans le faste des ann\u00e9es 20.<\/p>\n<p>Niveau 2 sur 8.<\/p>\n<p>&lt;br&gt;<br \/>\n&lt;br&gt;<br \/>\n&lt;strong&gt;Modalit\u00e9s d&rsquo;\u00e9valuation des acquis :&lt;\/strong&gt;&lt;br&gt;<br \/>\nExercices pratiques individuels<\/p>\n<p>&lt;br&gt;<br \/>\n&lt;br&gt;<br \/>\n&lt;strong&gt;Delivrance d&rsquo;une attestation de formation&lt;\/strong&gt;&lt;br&gt;<\/p>\n","protected":false},"excerpt":{"rendered":"<p>NIVEAU 2 : ANNEES 20<\/p>\n","protected":false},"featured_media":2870,"template":"","meta":{"_acf_changed":false,"inline_featured_image":false},"product_brand":[],"product_cat":[969],"product_tag":[],"class_list":{"0":"post-1737","1":"product","2":"type-product","3":"status-publish","4":"has-post-thumbnail","6":"product_cat-perfectionnement","8":"first","9":"instock","10":"virtual","11":"sold-individually","12":"taxable","13":"purchasable","14":"product-type-simple"},"acf":[],"yoast_head":"<!-- This site is optimized with the Yoast SEO Premium plugin v24.2 (Yoast SEO v27.5) - https:\/\/yoast.com\/product\/yoast-seo-premium-wordpress\/ -->\n<title>NIVEAU 2 : ANNEES 20 - \u00c9cole Lesage<\/title>\n<meta name=\"robots\" content=\"index, follow, max-snippet:-1, max-image-preview:large, max-video-preview:-1\" \/>\n<link rel=\"canonical\" href=\"https:\/\/ecolelesage.com\/fr\/produit\/niveau-2-annees-20\/\" \/>\n<meta property=\"og:locale\" content=\"fr_FR\" \/>\n<meta property=\"og:type\" content=\"article\" \/>\n<meta property=\"og:title\" content=\"NIVEAU 2 : ANNEES 20\" \/>\n<meta property=\"og:description\" content=\"NIVEAU 2 : ANNEES 20\" \/>\n<meta property=\"og:url\" content=\"https:\/\/ecolelesage.com\/fr\/produit\/niveau-2-annees-20\/\" \/>\n<meta property=\"og:site_name\" content=\"\u00c9cole Lesage\" \/>\n<meta property=\"article:modified_time\" content=\"2025-03-19T11:02:26+00:00\" \/>\n<meta property=\"og:image\" content=\"https:\/\/ecolelesage.com\/wp-content\/uploads\/sites\/4\/2023\/08\/Annees-20.png\" \/>\n\t<meta property=\"og:image:width\" content=\"1080\" \/>\n\t<meta property=\"og:image:height\" content=\"1080\" \/>\n\t<meta property=\"og:image:type\" content=\"image\/png\" \/>\n<meta name=\"twitter:card\" content=\"summary_large_image\" \/>\n<meta name=\"twitter:label1\" content=\"Dur\u00e9e de lecture estim\u00e9e\" \/>\n\t<meta name=\"twitter:data1\" content=\"1 minute\" \/>\n<script type=\"application\/ld+json\" class=\"yoast-schema-graph\">{\"@context\":\"https:\\\/\\\/schema.org\",\"@graph\":[{\"@type\":\"WebPage\",\"@id\":\"https:\\\/\\\/ecolelesage.com\\\/fr\\\/produit\\\/niveau-2-annees-20\\\/\",\"url\":\"https:\\\/\\\/ecolelesage.com\\\/fr\\\/produit\\\/niveau-2-annees-20\\\/\",\"name\":\"NIVEAU 2 : ANNEES 20 - \u00c9cole Lesage\",\"isPartOf\":{\"@id\":\"https:\\\/\\\/ecolelesage.com\\\/fr\\\/#website\"},\"primaryImageOfPage\":{\"@id\":\"https:\\\/\\\/ecolelesage.com\\\/fr\\\/produit\\\/niveau-2-annees-20\\\/#primaryimage\"},\"image\":{\"@id\":\"https:\\\/\\\/ecolelesage.com\\\/fr\\\/produit\\\/niveau-2-annees-20\\\/#primaryimage\"},\"thumbnailUrl\":\"https:\\\/\\\/ecolelesage.com\\\/wp-content\\\/uploads\\\/sites\\\/4\\\/2023\\\/08\\\/Annees-20.png\",\"datePublished\":\"2023-08-31T14:11:10+00:00\",\"dateModified\":\"2025-03-19T11:02:26+00:00\",\"breadcrumb\":{\"@id\":\"https:\\\/\\\/ecolelesage.com\\\/fr\\\/produit\\\/niveau-2-annees-20\\\/#breadcrumb\"},\"inLanguage\":\"fr-FR\",\"potentialAction\":[{\"@type\":\"ReadAction\",\"target\":[\"https:\\\/\\\/ecolelesage.com\\\/fr\\\/produit\\\/niveau-2-annees-20\\\/\"]}]},{\"@type\":\"ImageObject\",\"inLanguage\":\"fr-FR\",\"@id\":\"https:\\\/\\\/ecolelesage.com\\\/fr\\\/produit\\\/niveau-2-annees-20\\\/#primaryimage\",\"url\":\"https:\\\/\\\/ecolelesage.com\\\/wp-content\\\/uploads\\\/sites\\\/4\\\/2023\\\/08\\\/Annees-20.png\",\"contentUrl\":\"https:\\\/\\\/ecolelesage.com\\\/wp-content\\\/uploads\\\/sites\\\/4\\\/2023\\\/08\\\/Annees-20.png\",\"width\":1080,\"height\":1080,\"caption\":\"Tableau de broderie inspir\u00e9 des ann\u00e9es 20 : moderne, perles, motifs.\"},{\"@type\":\"BreadcrumbList\",\"@id\":\"https:\\\/\\\/ecolelesage.com\\\/fr\\\/produit\\\/niveau-2-annees-20\\\/#breadcrumb\",\"itemListElement\":[{\"@type\":\"ListItem\",\"position\":1,\"name\":\"Home\",\"item\":\"https:\\\/\\\/ecolelesage.com\\\/fr\\\/\"},{\"@type\":\"ListItem\",\"position\":2,\"name\":\"NIVEAU 2 : ANNEES 20\"}]},{\"@type\":\"WebSite\",\"@id\":\"https:\\\/\\\/ecolelesage.com\\\/fr\\\/#website\",\"url\":\"https:\\\/\\\/ecolelesage.com\\\/fr\\\/\",\"name\":\"\u00c9cole Lesage\",\"description\":\"\",\"potentialAction\":[{\"@type\":\"SearchAction\",\"target\":{\"@type\":\"EntryPoint\",\"urlTemplate\":\"https:\\\/\\\/ecolelesage.com\\\/fr\\\/?s={search_term_string}\"},\"query-input\":{\"@type\":\"PropertyValueSpecification\",\"valueRequired\":true,\"valueName\":\"search_term_string\"}}],\"inLanguage\":\"fr-FR\"}]}<\/script>\n<!-- \/ Yoast SEO Premium plugin. -->","yoast_head_json":{"title":"NIVEAU 2 : ANNEES 20 - \u00c9cole Lesage","robots":{"index":"index","follow":"follow","max-snippet":"max-snippet:-1","max-image-preview":"max-image-preview:large","max-video-preview":"max-video-preview:-1"},"canonical":"https:\/\/ecolelesage.com\/fr\/produit\/niveau-2-annees-20\/","og_locale":"fr_FR","og_type":"article","og_title":"NIVEAU 2 : ANNEES 20","og_description":"NIVEAU 2 : ANNEES 20","og_url":"https:\/\/ecolelesage.com\/fr\/produit\/niveau-2-annees-20\/","og_site_name":"\u00c9cole Lesage","article_modified_time":"2025-03-19T11:02:26+00:00","og_image":[{"width":1080,"height":1080,"url":"https:\/\/ecolelesage.com\/wp-content\/uploads\/sites\/4\/2023\/08\/Annees-20.png","type":"image\/png"}],"twitter_card":"summary_large_image","twitter_misc":{"Dur\u00e9e de lecture estim\u00e9e":"1 minute"},"schema":{"@context":"https:\/\/schema.org","@graph":[{"@type":"WebPage","@id":"https:\/\/ecolelesage.com\/fr\/produit\/niveau-2-annees-20\/","url":"https:\/\/ecolelesage.com\/fr\/produit\/niveau-2-annees-20\/","name":"NIVEAU 2 : ANNEES 20 - \u00c9cole Lesage","isPartOf":{"@id":"https:\/\/ecolelesage.com\/fr\/#website"},"primaryImageOfPage":{"@id":"https:\/\/ecolelesage.com\/fr\/produit\/niveau-2-annees-20\/#primaryimage"},"image":{"@id":"https:\/\/ecolelesage.com\/fr\/produit\/niveau-2-annees-20\/#primaryimage"},"thumbnailUrl":"https:\/\/ecolelesage.com\/wp-content\/uploads\/sites\/4\/2023\/08\/Annees-20.png","datePublished":"2023-08-31T14:11:10+00:00","dateModified":"2025-03-19T11:02:26+00:00","breadcrumb":{"@id":"https:\/\/ecolelesage.com\/fr\/produit\/niveau-2-annees-20\/#breadcrumb"},"inLanguage":"fr-FR","potentialAction":[{"@type":"ReadAction","target":["https:\/\/ecolelesage.com\/fr\/produit\/niveau-2-annees-20\/"]}]},{"@type":"ImageObject","inLanguage":"fr-FR","@id":"https:\/\/ecolelesage.com\/fr\/produit\/niveau-2-annees-20\/#primaryimage","url":"https:\/\/ecolelesage.com\/wp-content\/uploads\/sites\/4\/2023\/08\/Annees-20.png","contentUrl":"https:\/\/ecolelesage.com\/wp-content\/uploads\/sites\/4\/2023\/08\/Annees-20.png","width":1080,"height":1080,"caption":"Tableau de broderie inspir\u00e9 des ann\u00e9es 20 : moderne, perles, motifs."},{"@type":"BreadcrumbList","@id":"https:\/\/ecolelesage.com\/fr\/produit\/niveau-2-annees-20\/#breadcrumb","itemListElement":[{"@type":"ListItem","position":1,"name":"Home","item":"https:\/\/ecolelesage.com\/fr\/"},{"@type":"ListItem","position":2,"name":"NIVEAU 2 : ANNEES 20"}]},{"@type":"WebSite","@id":"https:\/\/ecolelesage.com\/fr\/#website","url":"https:\/\/ecolelesage.com\/fr\/","name":"\u00c9cole Lesage","description":"","potentialAction":[{"@type":"SearchAction","target":{"@type":"EntryPoint","urlTemplate":"https:\/\/ecolelesage.com\/fr\/?s={search_term_string}"},"query-input":{"@type":"PropertyValueSpecification","valueRequired":true,"valueName":"search_term_string"}}],"inLanguage":"fr-FR"}]}},"_links":{"self":[{"href":"https:\/\/ecolelesage.com\/fr\/wp-json\/wp\/v2\/product\/1737","targetHints":{"allow":["GET"]}}],"collection":[{"href":"https:\/\/ecolelesage.com\/fr\/wp-json\/wp\/v2\/product"}],"about":[{"href":"https:\/\/ecolelesage.com\/fr\/wp-json\/wp\/v2\/types\/product"}],"wp:featuredmedia":[{"embeddable":true,"href":"https:\/\/ecolelesage.com\/fr\/wp-json\/wp\/v2\/media\/2870"}],"wp:attachment":[{"href":"https:\/\/ecolelesage.com\/fr\/wp-json\/wp\/v2\/media?parent=1737"}],"wp:term":[{"taxonomy":"product_brand","embeddable":true,"href":"https:\/\/ecolelesage.com\/fr\/wp-json\/wp\/v2\/product_brand?post=1737"},{"taxonomy":"product_cat","embeddable":true,"href":"https:\/\/ecolelesage.com\/fr\/wp-json\/wp\/v2\/product_cat?post=1737"},{"taxonomy":"product_tag","embeddable":true,"href":"https:\/\/ecolelesage.com\/fr\/wp-json\/wp\/v2\/product_tag?post=1737"}],"curies":[{"name":"wp","href":"https:\/\/api.w.org\/{rel}","templated":true}]}}