{"id":1736,"date":"2023-08-31T16:11:23","date_gmt":"2023-08-31T14:11:23","guid":{"rendered":"https:\/\/ecolelesage.com\/product\/niveau-3-annees-30\/"},"modified":"2025-03-19T12:00:51","modified_gmt":"2025-03-19T11:00:51","slug":"niveau-3-annees-30","status":"publish","type":"product","link":"https:\/\/ecolelesage.com\/fr\/produit\/niveau-3-annees-30\/","title":{"rendered":"NIVEAU 3 : ANNEES 30"},"content":{"rendered":"<p>&lt;strong&gt;Objectif de la formation :&lt;\/strong&gt;&lt;br&gt;<br \/>\nInspir\u00e9 des archives Lesage des ann\u00e9es 30, le troisi\u00e8me niveau de la s\u00e9rie \u00ab Histoire de la Mode \u00bb n\u00e9cessite 30 heures de cours. Les ann\u00e9es 30 symbolisent le retour au classicisme de l\u2019avant-guerre dans un esprit plus conservateur et conventionnel.<\/p>\n<p>Niveau 3 sur 8.<\/p>\n<p>&lt;br&gt;<br \/>\n&lt;br&gt;<br \/>\n&lt;strong&gt;Modalit\u00e9s d&rsquo;\u00e9valuation des acquis :&lt;\/strong&gt;&lt;br&gt;<br \/>\nExercices pratiques individuels<\/p>\n<p>&lt;br&gt;<br \/>\n&lt;br&gt;<br \/>\n&lt;strong&gt;Delivrance d&rsquo;une attestation de formation&lt;\/strong&gt;&lt;br&gt;<\/p>\n","protected":false},"excerpt":{"rendered":"<p>NIVEAU 3 : ANNEES 30<\/p>\n","protected":false},"featured_media":596,"template":"","meta":{"_acf_changed":false,"inline_featured_image":false},"product_brand":[],"product_cat":[969],"product_tag":[],"class_list":{"0":"post-1736","1":"product","2":"type-product","3":"status-publish","4":"has-post-thumbnail","6":"product_cat-perfectionnement","8":"first","9":"instock","10":"virtual","11":"sold-individually","12":"taxable","13":"purchasable","14":"product-type-simple"},"acf":[],"yoast_head":"<!-- This site is optimized with the Yoast SEO Premium plugin v24.2 (Yoast SEO v27.5) - https:\/\/yoast.com\/product\/yoast-seo-premium-wordpress\/ -->\n<title>NIVEAU 3 : ANNEES 30 - \u00c9cole Lesage<\/title>\n<meta name=\"robots\" content=\"index, follow, max-snippet:-1, max-image-preview:large, max-video-preview:-1\" \/>\n<link rel=\"canonical\" href=\"https:\/\/ecolelesage.com\/fr\/produit\/niveau-3-annees-30\/\" \/>\n<meta property=\"og:locale\" content=\"fr_FR\" \/>\n<meta property=\"og:type\" content=\"article\" \/>\n<meta property=\"og:title\" content=\"NIVEAU 3 : ANNEES 30\" \/>\n<meta property=\"og:description\" content=\"NIVEAU 3 : ANNEES 30\" \/>\n<meta property=\"og:url\" content=\"https:\/\/ecolelesage.com\/fr\/produit\/niveau-3-annees-30\/\" \/>\n<meta property=\"og:site_name\" content=\"\u00c9cole Lesage\" \/>\n<meta property=\"article:modified_time\" content=\"2025-03-19T11:00:51+00:00\" \/>\n<meta property=\"og:image\" content=\"https:\/\/ecolelesage.com\/wp-content\/uploads\/sites\/4\/2020\/11\/Perfectionnement-Anne\u0301es_30_desktop.jpg\" \/>\n\t<meta property=\"og:image:width\" content=\"1680\" \/>\n\t<meta property=\"og:image:height\" content=\"844\" \/>\n\t<meta property=\"og:image:type\" content=\"image\/jpeg\" \/>\n<meta name=\"twitter:card\" content=\"summary_large_image\" \/>\n<meta name=\"twitter:label1\" content=\"Dur\u00e9e de lecture estim\u00e9e\" \/>\n\t<meta name=\"twitter:data1\" content=\"1 minute\" \/>\n<script type=\"application\/ld+json\" class=\"yoast-schema-graph\">{\"@context\":\"https:\\\/\\\/schema.org\",\"@graph\":[{\"@type\":\"WebPage\",\"@id\":\"https:\\\/\\\/ecolelesage.com\\\/fr\\\/produit\\\/niveau-3-annees-30\\\/\",\"url\":\"https:\\\/\\\/ecolelesage.com\\\/fr\\\/produit\\\/niveau-3-annees-30\\\/\",\"name\":\"NIVEAU 3 : ANNEES 30 - \u00c9cole Lesage\",\"isPartOf\":{\"@id\":\"https:\\\/\\\/ecolelesage.com\\\/fr\\\/#website\"},\"primaryImageOfPage\":{\"@id\":\"https:\\\/\\\/ecolelesage.com\\\/fr\\\/produit\\\/niveau-3-annees-30\\\/#primaryimage\"},\"image\":{\"@id\":\"https:\\\/\\\/ecolelesage.com\\\/fr\\\/produit\\\/niveau-3-annees-30\\\/#primaryimage\"},\"thumbnailUrl\":\"https:\\\/\\\/ecolelesage.com\\\/wp-content\\\/uploads\\\/sites\\\/4\\\/2020\\\/11\\\/Perfectionnement-Anne\u0301es_30_desktop.jpg\",\"datePublished\":\"2023-08-31T14:11:23+00:00\",\"dateModified\":\"2025-03-19T11:00:51+00:00\",\"breadcrumb\":{\"@id\":\"https:\\\/\\\/ecolelesage.com\\\/fr\\\/produit\\\/niveau-3-annees-30\\\/#breadcrumb\"},\"inLanguage\":\"fr-FR\",\"potentialAction\":[{\"@type\":\"ReadAction\",\"target\":[\"https:\\\/\\\/ecolelesage.com\\\/fr\\\/produit\\\/niveau-3-annees-30\\\/\"]}]},{\"@type\":\"ImageObject\",\"inLanguage\":\"fr-FR\",\"@id\":\"https:\\\/\\\/ecolelesage.com\\\/fr\\\/produit\\\/niveau-3-annees-30\\\/#primaryimage\",\"url\":\"https:\\\/\\\/ecolelesage.com\\\/wp-content\\\/uploads\\\/sites\\\/4\\\/2020\\\/11\\\/Perfectionnement-Anne\u0301es_30_desktop.jpg\",\"contentUrl\":\"https:\\\/\\\/ecolelesage.com\\\/wp-content\\\/uploads\\\/sites\\\/4\\\/2020\\\/11\\\/Perfectionnement-Anne\u0301es_30_desktop.jpg\",\"width\":1680,\"height\":844},{\"@type\":\"BreadcrumbList\",\"@id\":\"https:\\\/\\\/ecolelesage.com\\\/fr\\\/produit\\\/niveau-3-annees-30\\\/#breadcrumb\",\"itemListElement\":[{\"@type\":\"ListItem\",\"position\":1,\"name\":\"Home\",\"item\":\"https:\\\/\\\/ecolelesage.com\\\/fr\\\/\"},{\"@type\":\"ListItem\",\"position\":2,\"name\":\"NIVEAU 3 : ANNEES 30\"}]},{\"@type\":\"WebSite\",\"@id\":\"https:\\\/\\\/ecolelesage.com\\\/fr\\\/#website\",\"url\":\"https:\\\/\\\/ecolelesage.com\\\/fr\\\/\",\"name\":\"\u00c9cole Lesage\",\"description\":\"\",\"potentialAction\":[{\"@type\":\"SearchAction\",\"target\":{\"@type\":\"EntryPoint\",\"urlTemplate\":\"https:\\\/\\\/ecolelesage.com\\\/fr\\\/?s={search_term_string}\"},\"query-input\":{\"@type\":\"PropertyValueSpecification\",\"valueRequired\":true,\"valueName\":\"search_term_string\"}}],\"inLanguage\":\"fr-FR\"}]}<\/script>\n<!-- \/ Yoast SEO Premium plugin. -->","yoast_head_json":{"title":"NIVEAU 3 : ANNEES 30 - \u00c9cole Lesage","robots":{"index":"index","follow":"follow","max-snippet":"max-snippet:-1","max-image-preview":"max-image-preview:large","max-video-preview":"max-video-preview:-1"},"canonical":"https:\/\/ecolelesage.com\/fr\/produit\/niveau-3-annees-30\/","og_locale":"fr_FR","og_type":"article","og_title":"NIVEAU 3 : ANNEES 30","og_description":"NIVEAU 3 : ANNEES 30","og_url":"https:\/\/ecolelesage.com\/fr\/produit\/niveau-3-annees-30\/","og_site_name":"\u00c9cole Lesage","article_modified_time":"2025-03-19T11:00:51+00:00","og_image":[{"width":1680,"height":844,"url":"https:\/\/ecolelesage.com\/wp-content\/uploads\/sites\/4\/2020\/11\/Perfectionnement-Anne\u0301es_30_desktop.jpg","type":"image\/jpeg"}],"twitter_card":"summary_large_image","twitter_misc":{"Dur\u00e9e de lecture estim\u00e9e":"1 minute"},"schema":{"@context":"https:\/\/schema.org","@graph":[{"@type":"WebPage","@id":"https:\/\/ecolelesage.com\/fr\/produit\/niveau-3-annees-30\/","url":"https:\/\/ecolelesage.com\/fr\/produit\/niveau-3-annees-30\/","name":"NIVEAU 3 : ANNEES 30 - \u00c9cole Lesage","isPartOf":{"@id":"https:\/\/ecolelesage.com\/fr\/#website"},"primaryImageOfPage":{"@id":"https:\/\/ecolelesage.com\/fr\/produit\/niveau-3-annees-30\/#primaryimage"},"image":{"@id":"https:\/\/ecolelesage.com\/fr\/produit\/niveau-3-annees-30\/#primaryimage"},"thumbnailUrl":"https:\/\/ecolelesage.com\/wp-content\/uploads\/sites\/4\/2020\/11\/Perfectionnement-Anne\u0301es_30_desktop.jpg","datePublished":"2023-08-31T14:11:23+00:00","dateModified":"2025-03-19T11:00:51+00:00","breadcrumb":{"@id":"https:\/\/ecolelesage.com\/fr\/produit\/niveau-3-annees-30\/#breadcrumb"},"inLanguage":"fr-FR","potentialAction":[{"@type":"ReadAction","target":["https:\/\/ecolelesage.com\/fr\/produit\/niveau-3-annees-30\/"]}]},{"@type":"ImageObject","inLanguage":"fr-FR","@id":"https:\/\/ecolelesage.com\/fr\/produit\/niveau-3-annees-30\/#primaryimage","url":"https:\/\/ecolelesage.com\/wp-content\/uploads\/sites\/4\/2020\/11\/Perfectionnement-Anne\u0301es_30_desktop.jpg","contentUrl":"https:\/\/ecolelesage.com\/wp-content\/uploads\/sites\/4\/2020\/11\/Perfectionnement-Anne\u0301es_30_desktop.jpg","width":1680,"height":844},{"@type":"BreadcrumbList","@id":"https:\/\/ecolelesage.com\/fr\/produit\/niveau-3-annees-30\/#breadcrumb","itemListElement":[{"@type":"ListItem","position":1,"name":"Home","item":"https:\/\/ecolelesage.com\/fr\/"},{"@type":"ListItem","position":2,"name":"NIVEAU 3 : ANNEES 30"}]},{"@type":"WebSite","@id":"https:\/\/ecolelesage.com\/fr\/#website","url":"https:\/\/ecolelesage.com\/fr\/","name":"\u00c9cole Lesage","description":"","potentialAction":[{"@type":"SearchAction","target":{"@type":"EntryPoint","urlTemplate":"https:\/\/ecolelesage.com\/fr\/?s={search_term_string}"},"query-input":{"@type":"PropertyValueSpecification","valueRequired":true,"valueName":"search_term_string"}}],"inLanguage":"fr-FR"}]}},"_links":{"self":[{"href":"https:\/\/ecolelesage.com\/fr\/wp-json\/wp\/v2\/product\/1736","targetHints":{"allow":["GET"]}}],"collection":[{"href":"https:\/\/ecolelesage.com\/fr\/wp-json\/wp\/v2\/product"}],"about":[{"href":"https:\/\/ecolelesage.com\/fr\/wp-json\/wp\/v2\/types\/product"}],"wp:featuredmedia":[{"embeddable":true,"href":"https:\/\/ecolelesage.com\/fr\/wp-json\/wp\/v2\/media\/596"}],"wp:attachment":[{"href":"https:\/\/ecolelesage.com\/fr\/wp-json\/wp\/v2\/media?parent=1736"}],"wp:term":[{"taxonomy":"product_brand","embeddable":true,"href":"https:\/\/ecolelesage.com\/fr\/wp-json\/wp\/v2\/product_brand?post=1736"},{"taxonomy":"product_cat","embeddable":true,"href":"https:\/\/ecolelesage.com\/fr\/wp-json\/wp\/v2\/product_cat?post=1736"},{"taxonomy":"product_tag","embeddable":true,"href":"https:\/\/ecolelesage.com\/fr\/wp-json\/wp\/v2\/product_tag?post=1736"}],"curies":[{"name":"wp","href":"https:\/\/api.w.org\/{rel}","templated":true}]}}