{"id":1730,"date":"2023-08-31T16:12:06","date_gmt":"2023-08-31T14:12:06","guid":{"rendered":"https:\/\/ecolelesage.com\/product\/niveau-6-annees-60\/"},"modified":"2025-03-19T12:03:02","modified_gmt":"2025-03-19T11:03:02","slug":"niveau-6-annees-60","status":"publish","type":"product","link":"https:\/\/ecolelesage.com\/fr\/produit\/niveau-6-annees-60\/","title":{"rendered":"NIVEAU 6 : ANNEES 60"},"content":{"rendered":"<p>&lt;strong&gt;Objectif de la formation :&lt;\/strong&gt;&lt;br&gt;<br \/>\nLes ann\u00e9es 60 ont boulevers\u00e9 les codes vestimentaires et ont enclench\u00e9 une lib\u00e9ration de la femme. Inspir\u00e9 des archives Lesage des ann\u00e9es 60, le sixi\u00e8me niveau de la s\u00e9rie \u00ab Histoire de la Mode \u00bb m\u00e9langes couleurs audacieuses et \u00e9l\u00e9ments aux effets miroir.<br \/>\n30 heures de cours sont n\u00e9cessaires.<\/p>\n<p>Niveau 6 sur 8.<\/p>\n<p>&lt;br&gt;<br \/>\n&lt;br&gt;<br \/>\n&lt;strong&gt;Modalit\u00e9s d&rsquo;\u00e9valuation des acquis :&lt;\/strong&gt;&lt;br&gt;<br \/>\nExercices pratiques individuels<\/p>\n<p>&lt;br&gt;<br \/>\n&lt;br&gt;<br \/>\n&lt;strong&gt;Delivrance d&rsquo;une attestation de formation&lt;\/strong&gt;&lt;br&gt;<\/p>\n","protected":false},"excerpt":{"rendered":"<p>NIVEAU 6 : ANNEES 60<\/p>\n","protected":false},"featured_media":1706,"template":"","meta":{"_acf_changed":false,"inline_featured_image":false},"product_brand":[],"product_cat":[969],"product_tag":[],"class_list":{"0":"post-1730","1":"product","2":"type-product","3":"status-publish","4":"has-post-thumbnail","6":"product_cat-perfectionnement","8":"first","9":"instock","10":"virtual","11":"sold-individually","12":"taxable","13":"purchasable","14":"product-type-simple"},"acf":[],"yoast_head":"<!-- This site is optimized with the Yoast SEO Premium plugin v24.2 (Yoast SEO v27.5) - https:\/\/yoast.com\/product\/yoast-seo-premium-wordpress\/ -->\n<title>NIVEAU 6 : ANNEES 60 - \u00c9cole Lesage<\/title>\n<meta name=\"robots\" content=\"index, follow, max-snippet:-1, max-image-preview:large, max-video-preview:-1\" \/>\n<link rel=\"canonical\" href=\"https:\/\/ecolelesage.com\/fr\/produit\/niveau-6-annees-60\/\" \/>\n<meta property=\"og:locale\" content=\"fr_FR\" \/>\n<meta property=\"og:type\" content=\"article\" \/>\n<meta property=\"og:title\" content=\"NIVEAU 6 : ANNEES 60\" \/>\n<meta property=\"og:description\" content=\"NIVEAU 6 : ANNEES 60\" \/>\n<meta property=\"og:url\" content=\"https:\/\/ecolelesage.com\/fr\/produit\/niveau-6-annees-60\/\" \/>\n<meta property=\"og:site_name\" content=\"\u00c9cole Lesage\" \/>\n<meta property=\"article:modified_time\" content=\"2025-03-19T11:03:02+00:00\" \/>\n<meta property=\"og:image\" content=\"https:\/\/ecolelesage.com\/wp-content\/uploads\/sites\/4\/2020\/11\/cadre-annees-60-scaled.jpg\" \/>\n\t<meta property=\"og:image:width\" content=\"2560\" \/>\n\t<meta property=\"og:image:height\" content=\"1707\" \/>\n\t<meta property=\"og:image:type\" content=\"image\/jpeg\" \/>\n<meta name=\"twitter:card\" content=\"summary_large_image\" \/>\n<meta name=\"twitter:label1\" content=\"Dur\u00e9e de lecture estim\u00e9e\" \/>\n\t<meta name=\"twitter:data1\" content=\"1 minute\" \/>\n<script type=\"application\/ld+json\" class=\"yoast-schema-graph\">{\"@context\":\"https:\\\/\\\/schema.org\",\"@graph\":[{\"@type\":\"WebPage\",\"@id\":\"https:\\\/\\\/ecolelesage.com\\\/fr\\\/produit\\\/niveau-6-annees-60\\\/\",\"url\":\"https:\\\/\\\/ecolelesage.com\\\/fr\\\/produit\\\/niveau-6-annees-60\\\/\",\"name\":\"NIVEAU 6 : ANNEES 60 - \u00c9cole Lesage\",\"isPartOf\":{\"@id\":\"https:\\\/\\\/ecolelesage.com\\\/fr\\\/#website\"},\"primaryImageOfPage\":{\"@id\":\"https:\\\/\\\/ecolelesage.com\\\/fr\\\/produit\\\/niveau-6-annees-60\\\/#primaryimage\"},\"image\":{\"@id\":\"https:\\\/\\\/ecolelesage.com\\\/fr\\\/produit\\\/niveau-6-annees-60\\\/#primaryimage\"},\"thumbnailUrl\":\"https:\\\/\\\/ecolelesage.com\\\/wp-content\\\/uploads\\\/sites\\\/4\\\/2020\\\/11\\\/cadre-annees-60-scaled.jpg\",\"datePublished\":\"2023-08-31T14:12:06+00:00\",\"dateModified\":\"2025-03-19T11:03:02+00:00\",\"breadcrumb\":{\"@id\":\"https:\\\/\\\/ecolelesage.com\\\/fr\\\/produit\\\/niveau-6-annees-60\\\/#breadcrumb\"},\"inLanguage\":\"fr-FR\",\"potentialAction\":[{\"@type\":\"ReadAction\",\"target\":[\"https:\\\/\\\/ecolelesage.com\\\/fr\\\/produit\\\/niveau-6-annees-60\\\/\"]}]},{\"@type\":\"ImageObject\",\"inLanguage\":\"fr-FR\",\"@id\":\"https:\\\/\\\/ecolelesage.com\\\/fr\\\/produit\\\/niveau-6-annees-60\\\/#primaryimage\",\"url\":\"https:\\\/\\\/ecolelesage.com\\\/wp-content\\\/uploads\\\/sites\\\/4\\\/2020\\\/11\\\/cadre-annees-60-scaled.jpg\",\"contentUrl\":\"https:\\\/\\\/ecolelesage.com\\\/wp-content\\\/uploads\\\/sites\\\/4\\\/2020\\\/11\\\/cadre-annees-60-scaled.jpg\",\"width\":2560,\"height\":1707},{\"@type\":\"BreadcrumbList\",\"@id\":\"https:\\\/\\\/ecolelesage.com\\\/fr\\\/produit\\\/niveau-6-annees-60\\\/#breadcrumb\",\"itemListElement\":[{\"@type\":\"ListItem\",\"position\":1,\"name\":\"Home\",\"item\":\"https:\\\/\\\/ecolelesage.com\\\/fr\\\/\"},{\"@type\":\"ListItem\",\"position\":2,\"name\":\"NIVEAU 6 : ANNEES 60\"}]},{\"@type\":\"WebSite\",\"@id\":\"https:\\\/\\\/ecolelesage.com\\\/fr\\\/#website\",\"url\":\"https:\\\/\\\/ecolelesage.com\\\/fr\\\/\",\"name\":\"\u00c9cole Lesage\",\"description\":\"\",\"potentialAction\":[{\"@type\":\"SearchAction\",\"target\":{\"@type\":\"EntryPoint\",\"urlTemplate\":\"https:\\\/\\\/ecolelesage.com\\\/fr\\\/?s={search_term_string}\"},\"query-input\":{\"@type\":\"PropertyValueSpecification\",\"valueRequired\":true,\"valueName\":\"search_term_string\"}}],\"inLanguage\":\"fr-FR\"}]}<\/script>\n<!-- \/ Yoast SEO Premium plugin. -->","yoast_head_json":{"title":"NIVEAU 6 : ANNEES 60 - \u00c9cole Lesage","robots":{"index":"index","follow":"follow","max-snippet":"max-snippet:-1","max-image-preview":"max-image-preview:large","max-video-preview":"max-video-preview:-1"},"canonical":"https:\/\/ecolelesage.com\/fr\/produit\/niveau-6-annees-60\/","og_locale":"fr_FR","og_type":"article","og_title":"NIVEAU 6 : ANNEES 60","og_description":"NIVEAU 6 : ANNEES 60","og_url":"https:\/\/ecolelesage.com\/fr\/produit\/niveau-6-annees-60\/","og_site_name":"\u00c9cole Lesage","article_modified_time":"2025-03-19T11:03:02+00:00","og_image":[{"width":2560,"height":1707,"url":"https:\/\/ecolelesage.com\/wp-content\/uploads\/sites\/4\/2020\/11\/cadre-annees-60-scaled.jpg","type":"image\/jpeg"}],"twitter_card":"summary_large_image","twitter_misc":{"Dur\u00e9e de lecture estim\u00e9e":"1 minute"},"schema":{"@context":"https:\/\/schema.org","@graph":[{"@type":"WebPage","@id":"https:\/\/ecolelesage.com\/fr\/produit\/niveau-6-annees-60\/","url":"https:\/\/ecolelesage.com\/fr\/produit\/niveau-6-annees-60\/","name":"NIVEAU 6 : ANNEES 60 - \u00c9cole Lesage","isPartOf":{"@id":"https:\/\/ecolelesage.com\/fr\/#website"},"primaryImageOfPage":{"@id":"https:\/\/ecolelesage.com\/fr\/produit\/niveau-6-annees-60\/#primaryimage"},"image":{"@id":"https:\/\/ecolelesage.com\/fr\/produit\/niveau-6-annees-60\/#primaryimage"},"thumbnailUrl":"https:\/\/ecolelesage.com\/wp-content\/uploads\/sites\/4\/2020\/11\/cadre-annees-60-scaled.jpg","datePublished":"2023-08-31T14:12:06+00:00","dateModified":"2025-03-19T11:03:02+00:00","breadcrumb":{"@id":"https:\/\/ecolelesage.com\/fr\/produit\/niveau-6-annees-60\/#breadcrumb"},"inLanguage":"fr-FR","potentialAction":[{"@type":"ReadAction","target":["https:\/\/ecolelesage.com\/fr\/produit\/niveau-6-annees-60\/"]}]},{"@type":"ImageObject","inLanguage":"fr-FR","@id":"https:\/\/ecolelesage.com\/fr\/produit\/niveau-6-annees-60\/#primaryimage","url":"https:\/\/ecolelesage.com\/wp-content\/uploads\/sites\/4\/2020\/11\/cadre-annees-60-scaled.jpg","contentUrl":"https:\/\/ecolelesage.com\/wp-content\/uploads\/sites\/4\/2020\/11\/cadre-annees-60-scaled.jpg","width":2560,"height":1707},{"@type":"BreadcrumbList","@id":"https:\/\/ecolelesage.com\/fr\/produit\/niveau-6-annees-60\/#breadcrumb","itemListElement":[{"@type":"ListItem","position":1,"name":"Home","item":"https:\/\/ecolelesage.com\/fr\/"},{"@type":"ListItem","position":2,"name":"NIVEAU 6 : ANNEES 60"}]},{"@type":"WebSite","@id":"https:\/\/ecolelesage.com\/fr\/#website","url":"https:\/\/ecolelesage.com\/fr\/","name":"\u00c9cole Lesage","description":"","potentialAction":[{"@type":"SearchAction","target":{"@type":"EntryPoint","urlTemplate":"https:\/\/ecolelesage.com\/fr\/?s={search_term_string}"},"query-input":{"@type":"PropertyValueSpecification","valueRequired":true,"valueName":"search_term_string"}}],"inLanguage":"fr-FR"}]}},"_links":{"self":[{"href":"https:\/\/ecolelesage.com\/fr\/wp-json\/wp\/v2\/product\/1730","targetHints":{"allow":["GET"]}}],"collection":[{"href":"https:\/\/ecolelesage.com\/fr\/wp-json\/wp\/v2\/product"}],"about":[{"href":"https:\/\/ecolelesage.com\/fr\/wp-json\/wp\/v2\/types\/product"}],"wp:featuredmedia":[{"embeddable":true,"href":"https:\/\/ecolelesage.com\/fr\/wp-json\/wp\/v2\/media\/1706"}],"wp:attachment":[{"href":"https:\/\/ecolelesage.com\/fr\/wp-json\/wp\/v2\/media?parent=1730"}],"wp:term":[{"taxonomy":"product_brand","embeddable":true,"href":"https:\/\/ecolelesage.com\/fr\/wp-json\/wp\/v2\/product_brand?post=1730"},{"taxonomy":"product_cat","embeddable":true,"href":"https:\/\/ecolelesage.com\/fr\/wp-json\/wp\/v2\/product_cat?post=1730"},{"taxonomy":"product_tag","embeddable":true,"href":"https:\/\/ecolelesage.com\/fr\/wp-json\/wp\/v2\/product_tag?post=1730"}],"curies":[{"name":"wp","href":"https:\/\/api.w.org\/{rel}","templated":true}]}}