{"id":1726,"date":"2023-08-31T16:12:21","date_gmt":"2023-08-31T14:12:21","guid":{"rendered":"https:\/\/ecolelesage.com\/product\/niveau-8-annees-2000\/"},"modified":"2025-03-19T12:03:28","modified_gmt":"2025-03-19T11:03:28","slug":"niveau-8-annees-2000","status":"publish","type":"product","link":"https:\/\/ecolelesage.com\/fr\/produit\/niveau-8-annees-2000\/","title":{"rendered":"NIVEAU 8 : ANNEES 2000"},"content":{"rendered":"<p>&lt;strong&gt;Objectif de la formation :&lt;\/strong&gt;&lt;br&gt;<br \/>\nLe huiti\u00e8me et dernier niveau de la s\u00e9rie \u00ab Histoire de la Mode \u00bb, n\u00e9cessite 48 heures de cours et de tr\u00e8s nombreuses techniques pour r\u00e9aliser cette broderie inspir\u00e9e des archives Lesage des ann\u00e9es 2000. Les broderies sont craquel\u00e9es, d\u00e9structur\u00e9es, de nombreuses paillettes sont utilis\u00e9es.<\/p>\n<p>Niveau 8 sur 8.<\/p>\n<p>&lt;br&gt;<br \/>\n&lt;br&gt;<br \/>\n&lt;strong&gt;Modalit\u00e9s d&rsquo;\u00e9valuation des acquis :&lt;\/strong&gt;&lt;br&gt;<br \/>\nExercices pratiques individuels<\/p>\n<p>&lt;br&gt;<br \/>\n&lt;br&gt;<br \/>\n&lt;strong&gt;Delivrance d&rsquo;une attestation de formation&lt;\/strong&gt;&lt;br&gt;<\/p>\n","protected":false},"excerpt":{"rendered":"<p>NIVEAU 8 : ANNEES 2000<\/p>\n","protected":false},"featured_media":1713,"template":"","meta":{"_acf_changed":false,"inline_featured_image":false},"product_brand":[],"product_cat":[969],"product_tag":[],"class_list":{"0":"post-1726","1":"product","2":"type-product","3":"status-publish","4":"has-post-thumbnail","6":"product_cat-perfectionnement","8":"first","9":"instock","10":"virtual","11":"sold-individually","12":"taxable","13":"purchasable","14":"product-type-simple"},"acf":[],"yoast_head":"<!-- This site is optimized with the Yoast SEO Premium plugin v24.2 (Yoast SEO v27.3) - https:\/\/yoast.com\/product\/yoast-seo-premium-wordpress\/ -->\n<title>NIVEAU 8 : ANNEES 2000 - \u00c9cole Lesage<\/title>\n<meta name=\"robots\" content=\"index, follow, max-snippet:-1, max-image-preview:large, max-video-preview:-1\" \/>\n<link rel=\"canonical\" href=\"https:\/\/ecolelesage.com\/fr\/produit\/niveau-8-annees-2000\/\" \/>\n<meta property=\"og:locale\" content=\"fr_FR\" \/>\n<meta property=\"og:type\" content=\"article\" \/>\n<meta property=\"og:title\" content=\"NIVEAU 8 : ANNEES 2000\" \/>\n<meta property=\"og:description\" content=\"NIVEAU 8 : ANNEES 2000\" \/>\n<meta property=\"og:url\" content=\"https:\/\/ecolelesage.com\/fr\/produit\/niveau-8-annees-2000\/\" \/>\n<meta property=\"og:site_name\" content=\"\u00c9cole Lesage\" \/>\n<meta property=\"article:modified_time\" content=\"2025-03-19T11:03:28+00:00\" \/>\n<meta property=\"og:image\" content=\"https:\/\/ecolelesage.com\/wp-content\/uploads\/sites\/4\/2020\/11\/Cadre-annees-2000.jpg\" \/>\n\t<meta property=\"og:image:width\" content=\"600\" \/>\n\t<meta property=\"og:image:height\" content=\"300\" \/>\n\t<meta property=\"og:image:type\" content=\"image\/jpeg\" \/>\n<meta name=\"twitter:card\" content=\"summary_large_image\" \/>\n<meta name=\"twitter:label1\" content=\"Dur\u00e9e de lecture estim\u00e9e\" \/>\n\t<meta name=\"twitter:data1\" content=\"1 minute\" \/>\n<script type=\"application\/ld+json\" class=\"yoast-schema-graph\">{\"@context\":\"https:\\\/\\\/schema.org\",\"@graph\":[{\"@type\":\"WebPage\",\"@id\":\"https:\\\/\\\/ecolelesage.com\\\/fr\\\/produit\\\/niveau-8-annees-2000\\\/\",\"url\":\"https:\\\/\\\/ecolelesage.com\\\/fr\\\/produit\\\/niveau-8-annees-2000\\\/\",\"name\":\"NIVEAU 8 : ANNEES 2000 - \u00c9cole Lesage\",\"isPartOf\":{\"@id\":\"https:\\\/\\\/ecolelesage.com\\\/fr\\\/#website\"},\"primaryImageOfPage\":{\"@id\":\"https:\\\/\\\/ecolelesage.com\\\/fr\\\/produit\\\/niveau-8-annees-2000\\\/#primaryimage\"},\"image\":{\"@id\":\"https:\\\/\\\/ecolelesage.com\\\/fr\\\/produit\\\/niveau-8-annees-2000\\\/#primaryimage\"},\"thumbnailUrl\":\"https:\\\/\\\/ecolelesage.com\\\/wp-content\\\/uploads\\\/sites\\\/4\\\/2020\\\/11\\\/Cadre-annees-2000.jpg\",\"datePublished\":\"2023-08-31T14:12:21+00:00\",\"dateModified\":\"2025-03-19T11:03:28+00:00\",\"breadcrumb\":{\"@id\":\"https:\\\/\\\/ecolelesage.com\\\/fr\\\/produit\\\/niveau-8-annees-2000\\\/#breadcrumb\"},\"inLanguage\":\"fr-FR\",\"potentialAction\":[{\"@type\":\"ReadAction\",\"target\":[\"https:\\\/\\\/ecolelesage.com\\\/fr\\\/produit\\\/niveau-8-annees-2000\\\/\"]}]},{\"@type\":\"ImageObject\",\"inLanguage\":\"fr-FR\",\"@id\":\"https:\\\/\\\/ecolelesage.com\\\/fr\\\/produit\\\/niveau-8-annees-2000\\\/#primaryimage\",\"url\":\"https:\\\/\\\/ecolelesage.com\\\/wp-content\\\/uploads\\\/sites\\\/4\\\/2020\\\/11\\\/Cadre-annees-2000.jpg\",\"contentUrl\":\"https:\\\/\\\/ecolelesage.com\\\/wp-content\\\/uploads\\\/sites\\\/4\\\/2020\\\/11\\\/Cadre-annees-2000.jpg\",\"width\":600,\"height\":300},{\"@type\":\"BreadcrumbList\",\"@id\":\"https:\\\/\\\/ecolelesage.com\\\/fr\\\/produit\\\/niveau-8-annees-2000\\\/#breadcrumb\",\"itemListElement\":[{\"@type\":\"ListItem\",\"position\":1,\"name\":\"Home\",\"item\":\"https:\\\/\\\/ecolelesage.com\\\/fr\\\/\"},{\"@type\":\"ListItem\",\"position\":2,\"name\":\"NIVEAU 8 : ANNEES 2000\"}]},{\"@type\":\"WebSite\",\"@id\":\"https:\\\/\\\/ecolelesage.com\\\/fr\\\/#website\",\"url\":\"https:\\\/\\\/ecolelesage.com\\\/fr\\\/\",\"name\":\"\u00c9cole Lesage\",\"description\":\"\",\"potentialAction\":[{\"@type\":\"SearchAction\",\"target\":{\"@type\":\"EntryPoint\",\"urlTemplate\":\"https:\\\/\\\/ecolelesage.com\\\/fr\\\/?s={search_term_string}\"},\"query-input\":{\"@type\":\"PropertyValueSpecification\",\"valueRequired\":true,\"valueName\":\"search_term_string\"}}],\"inLanguage\":\"fr-FR\"}]}<\/script>\n<!-- \/ Yoast SEO Premium plugin. -->","yoast_head_json":{"title":"NIVEAU 8 : ANNEES 2000 - \u00c9cole Lesage","robots":{"index":"index","follow":"follow","max-snippet":"max-snippet:-1","max-image-preview":"max-image-preview:large","max-video-preview":"max-video-preview:-1"},"canonical":"https:\/\/ecolelesage.com\/fr\/produit\/niveau-8-annees-2000\/","og_locale":"fr_FR","og_type":"article","og_title":"NIVEAU 8 : ANNEES 2000","og_description":"NIVEAU 8 : ANNEES 2000","og_url":"https:\/\/ecolelesage.com\/fr\/produit\/niveau-8-annees-2000\/","og_site_name":"\u00c9cole Lesage","article_modified_time":"2025-03-19T11:03:28+00:00","og_image":[{"width":600,"height":300,"url":"https:\/\/ecolelesage.com\/wp-content\/uploads\/sites\/4\/2020\/11\/Cadre-annees-2000.jpg","type":"image\/jpeg"}],"twitter_card":"summary_large_image","twitter_misc":{"Dur\u00e9e de lecture estim\u00e9e":"1 minute"},"schema":{"@context":"https:\/\/schema.org","@graph":[{"@type":"WebPage","@id":"https:\/\/ecolelesage.com\/fr\/produit\/niveau-8-annees-2000\/","url":"https:\/\/ecolelesage.com\/fr\/produit\/niveau-8-annees-2000\/","name":"NIVEAU 8 : ANNEES 2000 - \u00c9cole Lesage","isPartOf":{"@id":"https:\/\/ecolelesage.com\/fr\/#website"},"primaryImageOfPage":{"@id":"https:\/\/ecolelesage.com\/fr\/produit\/niveau-8-annees-2000\/#primaryimage"},"image":{"@id":"https:\/\/ecolelesage.com\/fr\/produit\/niveau-8-annees-2000\/#primaryimage"},"thumbnailUrl":"https:\/\/ecolelesage.com\/wp-content\/uploads\/sites\/4\/2020\/11\/Cadre-annees-2000.jpg","datePublished":"2023-08-31T14:12:21+00:00","dateModified":"2025-03-19T11:03:28+00:00","breadcrumb":{"@id":"https:\/\/ecolelesage.com\/fr\/produit\/niveau-8-annees-2000\/#breadcrumb"},"inLanguage":"fr-FR","potentialAction":[{"@type":"ReadAction","target":["https:\/\/ecolelesage.com\/fr\/produit\/niveau-8-annees-2000\/"]}]},{"@type":"ImageObject","inLanguage":"fr-FR","@id":"https:\/\/ecolelesage.com\/fr\/produit\/niveau-8-annees-2000\/#primaryimage","url":"https:\/\/ecolelesage.com\/wp-content\/uploads\/sites\/4\/2020\/11\/Cadre-annees-2000.jpg","contentUrl":"https:\/\/ecolelesage.com\/wp-content\/uploads\/sites\/4\/2020\/11\/Cadre-annees-2000.jpg","width":600,"height":300},{"@type":"BreadcrumbList","@id":"https:\/\/ecolelesage.com\/fr\/produit\/niveau-8-annees-2000\/#breadcrumb","itemListElement":[{"@type":"ListItem","position":1,"name":"Home","item":"https:\/\/ecolelesage.com\/fr\/"},{"@type":"ListItem","position":2,"name":"NIVEAU 8 : ANNEES 2000"}]},{"@type":"WebSite","@id":"https:\/\/ecolelesage.com\/fr\/#website","url":"https:\/\/ecolelesage.com\/fr\/","name":"\u00c9cole Lesage","description":"","potentialAction":[{"@type":"SearchAction","target":{"@type":"EntryPoint","urlTemplate":"https:\/\/ecolelesage.com\/fr\/?s={search_term_string}"},"query-input":{"@type":"PropertyValueSpecification","valueRequired":true,"valueName":"search_term_string"}}],"inLanguage":"fr-FR"}]}},"_links":{"self":[{"href":"https:\/\/ecolelesage.com\/fr\/wp-json\/wp\/v2\/product\/1726","targetHints":{"allow":["GET"]}}],"collection":[{"href":"https:\/\/ecolelesage.com\/fr\/wp-json\/wp\/v2\/product"}],"about":[{"href":"https:\/\/ecolelesage.com\/fr\/wp-json\/wp\/v2\/types\/product"}],"wp:featuredmedia":[{"embeddable":true,"href":"https:\/\/ecolelesage.com\/fr\/wp-json\/wp\/v2\/media\/1713"}],"wp:attachment":[{"href":"https:\/\/ecolelesage.com\/fr\/wp-json\/wp\/v2\/media?parent=1726"}],"wp:term":[{"taxonomy":"product_brand","embeddable":true,"href":"https:\/\/ecolelesage.com\/fr\/wp-json\/wp\/v2\/product_brand?post=1726"},{"taxonomy":"product_cat","embeddable":true,"href":"https:\/\/ecolelesage.com\/fr\/wp-json\/wp\/v2\/product_cat?post=1726"},{"taxonomy":"product_tag","embeddable":true,"href":"https:\/\/ecolelesage.com\/fr\/wp-json\/wp\/v2\/product_tag?post=1726"}],"curies":[{"name":"wp","href":"https:\/\/api.w.org\/{rel}","templated":true}]}}