{"id":1687,"date":"2023-08-31T15:37:52","date_gmt":"2023-08-31T13:37:52","guid":{"rendered":"https:\/\/ecolelesage.com\/product\/forfait-de-2-specialisations\/"},"modified":"2023-08-31T15:37:52","modified_gmt":"2023-08-31T13:37:52","slug":"forfait-de-2-specialisations","status":"publish","type":"product","link":"https:\/\/ecolelesage.com\/fr\/produit\/forfait-de-2-specialisations\/","title":{"rendered":"FORFAIT DE 2 SPECIALISATIONS"},"content":{"rendered":"<p>&lt;strong&gt;Objectif de la formation :&lt;\/strong&gt;&lt;br&gt;<br \/>\nCes deux formations, de 150 heures chacune, permettent d\u2019acqu\u00e9rir un niveau professionnel en broderie Haute Couture ou broderie d\u2019int\u00e9rieur. Dans chacune d\u2019elle, vous r\u00e9aliserez une pi\u00e8ce d\u2019\u00e9tude rigoureusement s\u00e9lectionn\u00e9e pour le panel de techniques qu\u2019elle permet d\u2019aborder. Ces formations sont ouvertes \u00e0 tous, brodeurs d\u00e9butants comme confirm\u00e9s. Il est n\u00e9anmoins fort conseill\u00e9 \u00e0 tous ceux qui n\u2019ont jamais brod\u00e9 au crochet de Lun\u00e9ville de suivre un stage de d\u00e9couverte au crochet pr\u00e9alablement.<\/p>\n<p>&lt;br&gt;<br \/>\n&lt;br&gt;<br \/>\n&lt;strong&gt;Modalit\u00e9s d&rsquo;\u00e9valuation des acquis :&lt;\/strong&gt;&lt;br&gt;<br \/>\nExercices pratiques individuels<\/p>\n<p>&lt;br&gt;<br \/>\n&lt;br&gt;<br \/>\n&lt;strong&gt;Delivrance d&rsquo;une attestation de formation&lt;\/strong&gt;&lt;br&gt;<\/p>\n","protected":false},"excerpt":{"rendered":"<p>FORFAIT DE 2 SPECIALISATIONS<\/p>\n","protected":false},"featured_media":1678,"template":"","meta":{"_acf_changed":false,"inline_featured_image":false},"product_brand":[],"product_cat":[972],"product_tag":[],"class_list":{"0":"post-1687","1":"product","2":"type-product","3":"status-publish","4":"has-post-thumbnail","6":"product_cat-specialisation-fr","8":"first","9":"instock","10":"virtual","11":"sold-individually","12":"taxable","13":"purchasable","14":"product-type-simple"},"acf":[],"yoast_head":"<!-- This site is optimized with the Yoast SEO Premium plugin v24.2 (Yoast SEO v27.5) - https:\/\/yoast.com\/product\/yoast-seo-premium-wordpress\/ -->\n<title>FORFAIT DE 2 SPECIALISATIONS - \u00c9cole Lesage<\/title>\n<meta name=\"robots\" content=\"index, follow, max-snippet:-1, max-image-preview:large, max-video-preview:-1\" \/>\n<link rel=\"canonical\" href=\"https:\/\/ecolelesage.com\/fr\/produit\/forfait-de-2-specialisations\/\" \/>\n<meta property=\"og:locale\" content=\"fr_FR\" \/>\n<meta property=\"og:type\" content=\"article\" \/>\n<meta property=\"og:title\" content=\"FORFAIT DE 2 SPECIALISATIONS\" \/>\n<meta property=\"og:description\" content=\"FORFAIT DE 2 SPECIALISATIONS\" \/>\n<meta property=\"og:url\" content=\"https:\/\/ecolelesage.com\/fr\/produit\/forfait-de-2-specialisations\/\" \/>\n<meta property=\"og:site_name\" content=\"\u00c9cole Lesage\" \/>\n<meta property=\"og:image\" content=\"https:\/\/ecolelesage.com\/wp-content\/uploads\/sites\/4\/2020\/11\/Page-Accueil-niveau-specialisation-.png\" \/>\n\t<meta property=\"og:image:width\" content=\"600\" \/>\n\t<meta property=\"og:image:height\" content=\"300\" \/>\n\t<meta property=\"og:image:type\" content=\"image\/png\" \/>\n<meta name=\"twitter:card\" content=\"summary_large_image\" \/>\n<meta name=\"twitter:label1\" content=\"Dur\u00e9e de lecture estim\u00e9e\" \/>\n\t<meta name=\"twitter:data1\" content=\"1 minute\" \/>\n<script type=\"application\/ld+json\" class=\"yoast-schema-graph\">{\"@context\":\"https:\\\/\\\/schema.org\",\"@graph\":[{\"@type\":\"WebPage\",\"@id\":\"https:\\\/\\\/ecolelesage.com\\\/fr\\\/produit\\\/forfait-de-2-specialisations\\\/\",\"url\":\"https:\\\/\\\/ecolelesage.com\\\/fr\\\/produit\\\/forfait-de-2-specialisations\\\/\",\"name\":\"FORFAIT DE 2 SPECIALISATIONS - \u00c9cole Lesage\",\"isPartOf\":{\"@id\":\"https:\\\/\\\/ecolelesage.com\\\/fr\\\/#website\"},\"primaryImageOfPage\":{\"@id\":\"https:\\\/\\\/ecolelesage.com\\\/fr\\\/produit\\\/forfait-de-2-specialisations\\\/#primaryimage\"},\"image\":{\"@id\":\"https:\\\/\\\/ecolelesage.com\\\/fr\\\/produit\\\/forfait-de-2-specialisations\\\/#primaryimage\"},\"thumbnailUrl\":\"https:\\\/\\\/ecolelesage.com\\\/wp-content\\\/uploads\\\/sites\\\/4\\\/2020\\\/11\\\/Page-Accueil-niveau-specialisation-.png\",\"datePublished\":\"2023-08-31T13:37:52+00:00\",\"breadcrumb\":{\"@id\":\"https:\\\/\\\/ecolelesage.com\\\/fr\\\/produit\\\/forfait-de-2-specialisations\\\/#breadcrumb\"},\"inLanguage\":\"fr-FR\",\"potentialAction\":[{\"@type\":\"ReadAction\",\"target\":[\"https:\\\/\\\/ecolelesage.com\\\/fr\\\/produit\\\/forfait-de-2-specialisations\\\/\"]}]},{\"@type\":\"ImageObject\",\"inLanguage\":\"fr-FR\",\"@id\":\"https:\\\/\\\/ecolelesage.com\\\/fr\\\/produit\\\/forfait-de-2-specialisations\\\/#primaryimage\",\"url\":\"https:\\\/\\\/ecolelesage.com\\\/wp-content\\\/uploads\\\/sites\\\/4\\\/2020\\\/11\\\/Page-Accueil-niveau-specialisation-.png\",\"contentUrl\":\"https:\\\/\\\/ecolelesage.com\\\/wp-content\\\/uploads\\\/sites\\\/4\\\/2020\\\/11\\\/Page-Accueil-niveau-specialisation-.png\",\"width\":600,\"height\":300},{\"@type\":\"BreadcrumbList\",\"@id\":\"https:\\\/\\\/ecolelesage.com\\\/fr\\\/produit\\\/forfait-de-2-specialisations\\\/#breadcrumb\",\"itemListElement\":[{\"@type\":\"ListItem\",\"position\":1,\"name\":\"Home\",\"item\":\"https:\\\/\\\/ecolelesage.com\\\/fr\\\/\"},{\"@type\":\"ListItem\",\"position\":2,\"name\":\"FORFAIT DE 2 SPECIALISATIONS\"}]},{\"@type\":\"WebSite\",\"@id\":\"https:\\\/\\\/ecolelesage.com\\\/fr\\\/#website\",\"url\":\"https:\\\/\\\/ecolelesage.com\\\/fr\\\/\",\"name\":\"\u00c9cole Lesage\",\"description\":\"\",\"potentialAction\":[{\"@type\":\"SearchAction\",\"target\":{\"@type\":\"EntryPoint\",\"urlTemplate\":\"https:\\\/\\\/ecolelesage.com\\\/fr\\\/?s={search_term_string}\"},\"query-input\":{\"@type\":\"PropertyValueSpecification\",\"valueRequired\":true,\"valueName\":\"search_term_string\"}}],\"inLanguage\":\"fr-FR\"}]}<\/script>\n<!-- \/ Yoast SEO Premium plugin. -->","yoast_head_json":{"title":"FORFAIT DE 2 SPECIALISATIONS - \u00c9cole Lesage","robots":{"index":"index","follow":"follow","max-snippet":"max-snippet:-1","max-image-preview":"max-image-preview:large","max-video-preview":"max-video-preview:-1"},"canonical":"https:\/\/ecolelesage.com\/fr\/produit\/forfait-de-2-specialisations\/","og_locale":"fr_FR","og_type":"article","og_title":"FORFAIT DE 2 SPECIALISATIONS","og_description":"FORFAIT DE 2 SPECIALISATIONS","og_url":"https:\/\/ecolelesage.com\/fr\/produit\/forfait-de-2-specialisations\/","og_site_name":"\u00c9cole Lesage","og_image":[{"width":600,"height":300,"url":"https:\/\/ecolelesage.com\/wp-content\/uploads\/sites\/4\/2020\/11\/Page-Accueil-niveau-specialisation-.png","type":"image\/png"}],"twitter_card":"summary_large_image","twitter_misc":{"Dur\u00e9e de lecture estim\u00e9e":"1 minute"},"schema":{"@context":"https:\/\/schema.org","@graph":[{"@type":"WebPage","@id":"https:\/\/ecolelesage.com\/fr\/produit\/forfait-de-2-specialisations\/","url":"https:\/\/ecolelesage.com\/fr\/produit\/forfait-de-2-specialisations\/","name":"FORFAIT DE 2 SPECIALISATIONS - \u00c9cole Lesage","isPartOf":{"@id":"https:\/\/ecolelesage.com\/fr\/#website"},"primaryImageOfPage":{"@id":"https:\/\/ecolelesage.com\/fr\/produit\/forfait-de-2-specialisations\/#primaryimage"},"image":{"@id":"https:\/\/ecolelesage.com\/fr\/produit\/forfait-de-2-specialisations\/#primaryimage"},"thumbnailUrl":"https:\/\/ecolelesage.com\/wp-content\/uploads\/sites\/4\/2020\/11\/Page-Accueil-niveau-specialisation-.png","datePublished":"2023-08-31T13:37:52+00:00","breadcrumb":{"@id":"https:\/\/ecolelesage.com\/fr\/produit\/forfait-de-2-specialisations\/#breadcrumb"},"inLanguage":"fr-FR","potentialAction":[{"@type":"ReadAction","target":["https:\/\/ecolelesage.com\/fr\/produit\/forfait-de-2-specialisations\/"]}]},{"@type":"ImageObject","inLanguage":"fr-FR","@id":"https:\/\/ecolelesage.com\/fr\/produit\/forfait-de-2-specialisations\/#primaryimage","url":"https:\/\/ecolelesage.com\/wp-content\/uploads\/sites\/4\/2020\/11\/Page-Accueil-niveau-specialisation-.png","contentUrl":"https:\/\/ecolelesage.com\/wp-content\/uploads\/sites\/4\/2020\/11\/Page-Accueil-niveau-specialisation-.png","width":600,"height":300},{"@type":"BreadcrumbList","@id":"https:\/\/ecolelesage.com\/fr\/produit\/forfait-de-2-specialisations\/#breadcrumb","itemListElement":[{"@type":"ListItem","position":1,"name":"Home","item":"https:\/\/ecolelesage.com\/fr\/"},{"@type":"ListItem","position":2,"name":"FORFAIT DE 2 SPECIALISATIONS"}]},{"@type":"WebSite","@id":"https:\/\/ecolelesage.com\/fr\/#website","url":"https:\/\/ecolelesage.com\/fr\/","name":"\u00c9cole Lesage","description":"","potentialAction":[{"@type":"SearchAction","target":{"@type":"EntryPoint","urlTemplate":"https:\/\/ecolelesage.com\/fr\/?s={search_term_string}"},"query-input":{"@type":"PropertyValueSpecification","valueRequired":true,"valueName":"search_term_string"}}],"inLanguage":"fr-FR"}]}},"_links":{"self":[{"href":"https:\/\/ecolelesage.com\/fr\/wp-json\/wp\/v2\/product\/1687","targetHints":{"allow":["GET"]}}],"collection":[{"href":"https:\/\/ecolelesage.com\/fr\/wp-json\/wp\/v2\/product"}],"about":[{"href":"https:\/\/ecolelesage.com\/fr\/wp-json\/wp\/v2\/types\/product"}],"wp:featuredmedia":[{"embeddable":true,"href":"https:\/\/ecolelesage.com\/fr\/wp-json\/wp\/v2\/media\/1678"}],"wp:attachment":[{"href":"https:\/\/ecolelesage.com\/fr\/wp-json\/wp\/v2\/media?parent=1687"}],"wp:term":[{"taxonomy":"product_brand","embeddable":true,"href":"https:\/\/ecolelesage.com\/fr\/wp-json\/wp\/v2\/product_brand?post=1687"},{"taxonomy":"product_cat","embeddable":true,"href":"https:\/\/ecolelesage.com\/fr\/wp-json\/wp\/v2\/product_cat?post=1687"},{"taxonomy":"product_tag","embeddable":true,"href":"https:\/\/ecolelesage.com\/fr\/wp-json\/wp\/v2\/product_tag?post=1687"}],"curies":[{"name":"wp","href":"https:\/\/api.w.org\/{rel}","templated":true}]}}