{"id":55,"date":"2020-11-03T11:03:37","date_gmt":"2020-11-03T11:03:37","guid":{"rendered":"https:\/\/ecolelesage.com\/seminaires\/"},"modified":"2023-08-31T15:03:03","modified_gmt":"2023-08-31T13:03:03","slug":"seminaires","status":"publish","type":"page","link":"https:\/\/ecolelesage.com\/fr\/seminaires\/","title":{"rendered":"Les s\u00e9minaires"},"content":{"rendered":"\n<div class=\"wp-block-group titre-ecole-sem\"><div class=\"wp-block-group__inner-container is-layout-flow wp-block-group-is-layout-flow\">\n<h1 class=\"wp-block-heading\" id=\"h-seminars\">S\u00e9minaires<\/h1>\n<\/div><\/div>\n\n<div class=\"wp-block-group bandeau-semi\"><div class=\"wp-block-group__inner-container is-layout-flow wp-block-group-is-layout-flow\">\n<figure class=\"wp-block-image size-large histoire\"><img decoding=\"async\" src=\"https:\/\/ecolelesage.com\/wp-content\/uploads\/sites\/4\/2020\/12\/Se&#x301;minaire_desktop-1024x320.jpg\" alt=\"\" class=\"wp-image-663\"\/><\/figure>\n<\/div><\/div>\n\n<div class=\"wp-block-group ecole-sem ecole-semi\"><div class=\"wp-block-group__inner-container is-layout-flow wp-block-group-is-layout-flow\">\n<p><strong>D\u00e9couverte in situ ou hors les murs des m\u00e9tiers d\u2019art.<\/strong><\/p>\n\n\n\n<p>L\u2019Ecole Lesage propose une exp\u00e9rience de broderie pour des groupes \u00e0 partir de 6 personnes. <\/p>\n\n\n\n<p>Cet atelier permet aux participants de r\u00e9aliser leur propre pi\u00e8ce de broderie, telle une pi\u00e8ce unique, en \u00e9tant accompagn\u00e9 par les professeurs de l\u2019\u00e9cole Lesage.&#13;\n<\/p>\n\n\n\n<p>C\u2019est une opportunit\u00e9 de d\u00e9couvrir l\u2019univers de la Maison Lesage, ses savoir-faire et son histoire qui sont intimement li\u00e9s \u00e0 celle de la Haute-Couture.&#13;\n<\/p>\n\n\n\n<p>L\u2019explication du processus de cr\u00e9ation de broderie, une d\u00e9monstrations de broderie au crochet de Luneville ainsi que la pr\u00e9sentations de pi\u00e8ces d\u2019archives compl\u00e8teront cette exp\u00e9rience.&#13;\n<\/p>\n\n\n\n<p>N\u2019h\u00e9sitez pas \u00e0 nous contacter pour toute demande. <\/p>\n\n\n\n<p><\/p>\n\n\n\n<p><\/p>\n\n\n\n<p><\/p>\n\n\n\n<div id=\"partenariat\" class=\"wp-block-group hidden ecole-sem\"><div class=\"wp-block-group__inner-container is-layout-flow wp-block-group-is-layout-flow\"><\/div><\/div>\r\n<\/div><\/div>\n","protected":false},"excerpt":{"rendered":"<p>S\u00e9minaires D\u00e9couverte in situ ou hors les murs des m\u00e9tiers d\u2019art. L\u2019Ecole Lesage propose une exp\u00e9rience de broderie pour des groupes \u00e0 partir de 6 personnes. Cet atelier permet aux participants de r\u00e9aliser leur propre pi\u00e8ce de broderie, telle une pi\u00e8ce unique, en \u00e9tant accompagn\u00e9 par les professeurs de l\u2019\u00e9cole Lesage.&#13; C\u2019est une opportunit\u00e9 de [&hellip;]<\/p>\n","protected":false},"author":1,"featured_media":0,"parent":0,"menu_order":0,"comment_status":"closed","ping_status":"closed","template":"","meta":{"_acf_changed":false,"inline_featured_image":false,"footnotes":""},"class_list":["post-55","page","type-page","status-publish","hentry"],"acf":[],"yoast_head":"<!-- This site is optimized with the Yoast SEO Premium plugin v24.2 (Yoast SEO v27.4) - https:\/\/yoast.com\/product\/yoast-seo-premium-wordpress\/ -->\n<title>S\u00e9minaires - Broderie artistique - Ecole Lesage<\/title>\n<meta name=\"description\" content=\"D\u00e9couvrez la borderie artistique gr\u00e2ce \u00e0 des ateliers priv\u00e9s avec les brodeurs de l&#039;Ecole Lesage.\" \/>\n<meta name=\"robots\" content=\"index, follow, max-snippet:-1, max-image-preview:large, max-video-preview:-1\" \/>\n<link rel=\"canonical\" href=\"https:\/\/ecolelesage.com\/fr\/seminaires\/\" \/>\n<meta property=\"og:locale\" content=\"fr_FR\" \/>\n<meta property=\"og:type\" content=\"article\" \/>\n<meta property=\"og:title\" content=\"Les s\u00e9minaires\" \/>\n<meta property=\"og:description\" content=\"D\u00e9couvrez la borderie artistique gr\u00e2ce \u00e0 des ateliers priv\u00e9s avec les brodeurs de l&#039;Ecole Lesage.\" \/>\n<meta property=\"og:url\" content=\"https:\/\/ecolelesage.com\/fr\/seminaires\/\" \/>\n<meta property=\"og:site_name\" content=\"\u00c9cole Lesage\" \/>\n<meta property=\"article:modified_time\" content=\"2023-08-31T13:03:03+00:00\" \/>\n<meta property=\"og:image\" content=\"https:\/\/ecolelesage.com\/wp-content\/uploads\/sites\/4\/2020\/12\/Se&#x301;minaire_desktop-1024x320.jpg\" \/>\n<meta name=\"twitter:card\" content=\"summary_large_image\" \/>\n<meta name=\"twitter:label1\" content=\"Dur\u00e9e de lecture estim\u00e9e\" \/>\n\t<meta name=\"twitter:data1\" content=\"1 minute\" \/>\n<script type=\"application\/ld+json\" class=\"yoast-schema-graph\">{\"@context\":\"https:\\\/\\\/schema.org\",\"@graph\":[{\"@type\":\"WebPage\",\"@id\":\"https:\\\/\\\/ecolelesage.com\\\/fr\\\/seminaires\\\/\",\"url\":\"https:\\\/\\\/ecolelesage.com\\\/fr\\\/seminaires\\\/\",\"name\":\"S\u00e9minaires - Broderie artistique - Ecole Lesage\",\"isPartOf\":{\"@id\":\"https:\\\/\\\/ecolelesage.com\\\/fr\\\/#website\"},\"primaryImageOfPage\":{\"@id\":\"https:\\\/\\\/ecolelesage.com\\\/fr\\\/seminaires\\\/#primaryimage\"},\"image\":{\"@id\":\"https:\\\/\\\/ecolelesage.com\\\/fr\\\/seminaires\\\/#primaryimage\"},\"thumbnailUrl\":\"https:\\\/\\\/ecolelesage.com\\\/wp-content\\\/uploads\\\/sites\\\/4\\\/2020\\\/12\\\/Se&#x301;minaire_desktop-1024x320.jpg\",\"datePublished\":\"2020-11-03T11:03:37+00:00\",\"dateModified\":\"2023-08-31T13:03:03+00:00\",\"description\":\"D\u00e9couvrez la borderie artistique gr\u00e2ce \u00e0 des ateliers priv\u00e9s avec les brodeurs de l'Ecole Lesage.\",\"breadcrumb\":{\"@id\":\"https:\\\/\\\/ecolelesage.com\\\/fr\\\/seminaires\\\/#breadcrumb\"},\"inLanguage\":\"fr-FR\",\"potentialAction\":[{\"@type\":\"ReadAction\",\"target\":[\"https:\\\/\\\/ecolelesage.com\\\/fr\\\/seminaires\\\/\"]}]},{\"@type\":\"ImageObject\",\"inLanguage\":\"fr-FR\",\"@id\":\"https:\\\/\\\/ecolelesage.com\\\/fr\\\/seminaires\\\/#primaryimage\",\"url\":\"https:\\\/\\\/ecolelesage.com\\\/wp-content\\\/uploads\\\/sites\\\/4\\\/2020\\\/12\\\/Se&#x301;minaire_desktop-1024x320.jpg\",\"contentUrl\":\"https:\\\/\\\/ecolelesage.com\\\/wp-content\\\/uploads\\\/sites\\\/4\\\/2020\\\/12\\\/Se&#x301;minaire_desktop-1024x320.jpg\"},{\"@type\":\"BreadcrumbList\",\"@id\":\"https:\\\/\\\/ecolelesage.com\\\/fr\\\/seminaires\\\/#breadcrumb\",\"itemListElement\":[{\"@type\":\"ListItem\",\"position\":1,\"name\":\"Home\",\"item\":\"https:\\\/\\\/ecolelesage.com\\\/fr\\\/\"},{\"@type\":\"ListItem\",\"position\":2,\"name\":\"Les s\u00e9minaires\"}]},{\"@type\":\"WebSite\",\"@id\":\"https:\\\/\\\/ecolelesage.com\\\/fr\\\/#website\",\"url\":\"https:\\\/\\\/ecolelesage.com\\\/fr\\\/\",\"name\":\"\u00c9cole Lesage\",\"description\":\"\",\"potentialAction\":[{\"@type\":\"SearchAction\",\"target\":{\"@type\":\"EntryPoint\",\"urlTemplate\":\"https:\\\/\\\/ecolelesage.com\\\/fr\\\/?s={search_term_string}\"},\"query-input\":{\"@type\":\"PropertyValueSpecification\",\"valueRequired\":true,\"valueName\":\"search_term_string\"}}],\"inLanguage\":\"fr-FR\"}]}<\/script>\n<!-- \/ Yoast SEO Premium plugin. -->","yoast_head_json":{"title":"S\u00e9minaires - Broderie artistique - Ecole Lesage","description":"D\u00e9couvrez la borderie artistique gr\u00e2ce \u00e0 des ateliers priv\u00e9s avec les brodeurs de l'Ecole Lesage.","robots":{"index":"index","follow":"follow","max-snippet":"max-snippet:-1","max-image-preview":"max-image-preview:large","max-video-preview":"max-video-preview:-1"},"canonical":"https:\/\/ecolelesage.com\/fr\/seminaires\/","og_locale":"fr_FR","og_type":"article","og_title":"Les s\u00e9minaires","og_description":"D\u00e9couvrez la borderie artistique gr\u00e2ce \u00e0 des ateliers priv\u00e9s avec les brodeurs de l'Ecole Lesage.","og_url":"https:\/\/ecolelesage.com\/fr\/seminaires\/","og_site_name":"\u00c9cole Lesage","article_modified_time":"2023-08-31T13:03:03+00:00","og_image":[{"url":"https:\/\/ecolelesage.com\/wp-content\/uploads\/sites\/4\/2020\/12\/Se&#x301;minaire_desktop-1024x320.jpg","type":"","width":"","height":""}],"twitter_card":"summary_large_image","twitter_misc":{"Dur\u00e9e de lecture estim\u00e9e":"1 minute"},"schema":{"@context":"https:\/\/schema.org","@graph":[{"@type":"WebPage","@id":"https:\/\/ecolelesage.com\/fr\/seminaires\/","url":"https:\/\/ecolelesage.com\/fr\/seminaires\/","name":"S\u00e9minaires - Broderie artistique - Ecole Lesage","isPartOf":{"@id":"https:\/\/ecolelesage.com\/fr\/#website"},"primaryImageOfPage":{"@id":"https:\/\/ecolelesage.com\/fr\/seminaires\/#primaryimage"},"image":{"@id":"https:\/\/ecolelesage.com\/fr\/seminaires\/#primaryimage"},"thumbnailUrl":"https:\/\/ecolelesage.com\/wp-content\/uploads\/sites\/4\/2020\/12\/Se&#x301;minaire_desktop-1024x320.jpg","datePublished":"2020-11-03T11:03:37+00:00","dateModified":"2023-08-31T13:03:03+00:00","description":"D\u00e9couvrez la borderie artistique gr\u00e2ce \u00e0 des ateliers priv\u00e9s avec les brodeurs de l'Ecole Lesage.","breadcrumb":{"@id":"https:\/\/ecolelesage.com\/fr\/seminaires\/#breadcrumb"},"inLanguage":"fr-FR","potentialAction":[{"@type":"ReadAction","target":["https:\/\/ecolelesage.com\/fr\/seminaires\/"]}]},{"@type":"ImageObject","inLanguage":"fr-FR","@id":"https:\/\/ecolelesage.com\/fr\/seminaires\/#primaryimage","url":"https:\/\/ecolelesage.com\/wp-content\/uploads\/sites\/4\/2020\/12\/Se&#x301;minaire_desktop-1024x320.jpg","contentUrl":"https:\/\/ecolelesage.com\/wp-content\/uploads\/sites\/4\/2020\/12\/Se&#x301;minaire_desktop-1024x320.jpg"},{"@type":"BreadcrumbList","@id":"https:\/\/ecolelesage.com\/fr\/seminaires\/#breadcrumb","itemListElement":[{"@type":"ListItem","position":1,"name":"Home","item":"https:\/\/ecolelesage.com\/fr\/"},{"@type":"ListItem","position":2,"name":"Les s\u00e9minaires"}]},{"@type":"WebSite","@id":"https:\/\/ecolelesage.com\/fr\/#website","url":"https:\/\/ecolelesage.com\/fr\/","name":"\u00c9cole Lesage","description":"","potentialAction":[{"@type":"SearchAction","target":{"@type":"EntryPoint","urlTemplate":"https:\/\/ecolelesage.com\/fr\/?s={search_term_string}"},"query-input":{"@type":"PropertyValueSpecification","valueRequired":true,"valueName":"search_term_string"}}],"inLanguage":"fr-FR"}]}},"_links":{"self":[{"href":"https:\/\/ecolelesage.com\/fr\/wp-json\/wp\/v2\/pages\/55","targetHints":{"allow":["GET"]}}],"collection":[{"href":"https:\/\/ecolelesage.com\/fr\/wp-json\/wp\/v2\/pages"}],"about":[{"href":"https:\/\/ecolelesage.com\/fr\/wp-json\/wp\/v2\/types\/page"}],"author":[{"embeddable":true,"href":"https:\/\/ecolelesage.com\/fr\/wp-json\/wp\/v2\/users\/1"}],"replies":[{"embeddable":true,"href":"https:\/\/ecolelesage.com\/fr\/wp-json\/wp\/v2\/comments?post=55"}],"version-history":[{"count":0,"href":"https:\/\/ecolelesage.com\/fr\/wp-json\/wp\/v2\/pages\/55\/revisions"}],"wp:attachment":[{"href":"https:\/\/ecolelesage.com\/fr\/wp-json\/wp\/v2\/media?parent=55"}],"curies":[{"name":"wp","href":"https:\/\/api.w.org\/{rel}","templated":true}]}}