{"id":236,"date":"2020-11-12T15:41:21","date_gmt":"2020-11-12T15:41:21","guid":{"rendered":"https:\/\/ecolelesage.com\/lecole\/equipe\/"},"modified":"2023-08-31T14:19:38","modified_gmt":"2023-08-31T12:19:38","slug":"equipe","status":"publish","type":"page","link":"https:\/\/ecolelesage.com\/fr\/lecole\/equipe\/","title":{"rendered":"Equipe"},"content":{"rendered":"\n<div class=\"wp-block-group titre-ecole-sem\"><div class=\"wp-block-group__inner-container is-layout-flow wp-block-group-is-layout-flow\">\n<h1 class=\"wp-block-heading\" id=\"h-the-school\">L&rsquo;\u00e9cole<\/h1>\n\n\n\n<div class=\"wp-block-group\"><div class=\"wp-block-group__inner-container is-layout-flow wp-block-group-is-layout-flow\">\n<div class=\"wp-block-buttons buttons-cours is-layout-flex wp-block-buttons-is-layout-flex\">\n<div class=\"wp-block-button is-style-outline btn-ecole-sem is-style-outline--1\" id=\"btn-active\"><a class=\"wp-block-button__link wp-element-button\" href=\"https:\/\/ecolelesage.com\/fr\/lecole\/histoire\/\" style=\"border-radius:3px\">Histoire<\/a><\/div>\n\n\n\n<div class=\"wp-block-button is-style-outline btn-ecole-sem btn-active is-style-outline--2\"><a class=\"wp-block-button__link wp-element-button\" href=\"https:\/\/ecolelesage.com\/fr\/lecole\/equipe\/\" style=\"border-radius:3px\">Equipe<\/a><\/div>\n\n\n\n<div class=\"wp-block-button is-style-outline btn-ecole-sem is-style-outline--3\"><a class=\"wp-block-button__link wp-element-button\" href=\"https:\/\/ecolelesage.com\/fr\/lecole\/partenariats\/\" style=\"border-radius:3px\">Partenariats<\/a><\/div>\n\n\n\n<div class=\"wp-block-button is-style-outline btn-ecole-sem is-style-outline--4\"><a class=\"wp-block-button__link wp-element-button\" href=\"https:\/\/ecolelesage.com\/fr\/lexique\/\" style=\"border-radius:3px\">Lexique<\/a><\/div>\n<\/div>\n<\/div><\/div>\n<\/div><\/div>\n<div class=\"wp-block-image\">\n<figure class=\"aligncenter size-large\"><img loading=\"lazy\" decoding=\"async\" width=\"1024\" height=\"577\" src=\"https:\/\/ecolelesage.com\/wp-content\/uploads\/sites\/4\/2023\/08\/DSCF1421-1-1024x577.jpg\" alt=\"\" class=\"wp-image-1665\" srcset=\"https:\/\/ecolelesage.com\/wp-content\/uploads\/sites\/4\/2023\/08\/DSCF1421-1-1024x577.jpg 1024w, https:\/\/ecolelesage.com\/wp-content\/uploads\/sites\/4\/2023\/08\/DSCF1421-1-300x169.jpg 300w, https:\/\/ecolelesage.com\/wp-content\/uploads\/sites\/4\/2023\/08\/DSCF1421-1-768x433.jpg 768w, https:\/\/ecolelesage.com\/wp-content\/uploads\/sites\/4\/2023\/08\/DSCF1421-1-1536x865.jpg 1536w, https:\/\/ecolelesage.com\/wp-content\/uploads\/sites\/4\/2023\/08\/DSCF1421-1-2048x1154.jpg 2048w, https:\/\/ecolelesage.com\/wp-content\/uploads\/sites\/4\/2023\/08\/DSCF1421-1-24x14.jpg 24w, https:\/\/ecolelesage.com\/wp-content\/uploads\/sites\/4\/2023\/08\/DSCF1421-1-36x20.jpg 36w, https:\/\/ecolelesage.com\/wp-content\/uploads\/sites\/4\/2023\/08\/DSCF1421-1-48x27.jpg 48w, https:\/\/ecolelesage.com\/wp-content\/uploads\/sites\/4\/2023\/08\/DSCF1421-1-600x338.jpg 600w\" sizes=\"auto, (max-width: 1024px) 100vw, 1024px\" \/><\/figure>\n<\/div>\n<div class=\"wp-block-group ecole-sem ecole-equi\"><div class=\"wp-block-group__inner-container is-layout-flow wp-block-group-is-layout-flow\">\n<h2 class=\"wp-block-heading\" id=\"h-at-your-side\">Vous accompagner<\/h2>\n\n\n\n<p><\/p>\n\n\n\n<p>Qu\u2019il s\u2019agisse de l\u2019administration ou des enseignantes, notre \u00e9quipe de professionnels est \u00e0 votre disposition tout au long de votre parcours dans l\u2019Ecole Lesage. &#13;\n<\/p>\n\n\n\n<p>Vous pourrez \u00eatre accompagn\u00e9(e) dans le choix de la formation la plus adapt\u00e9e \u00e0 votre projet et l\u2019explication des mode de financement existants. &#13;\n<\/p>\n\n\n\n<p>Vous serez pris en charge par des enseignantes pour qui la broderie, tout comme la transmission, sont de v\u00e9ritables vocations. Leur remarquable savoir-faire ainsi que leur approche p\u00e9dagogique vous permettra de b\u00e9n\u00e9ficier de la meilleure formation en broderie d\u2019art.<\/p>\n<\/div><\/div>\n\n<p><\/p>\n","protected":false},"excerpt":{"rendered":"<p>L&rsquo;\u00e9cole Vous accompagner Qu\u2019il s\u2019agisse de l\u2019administration ou des enseignantes, notre \u00e9quipe de professionnels est \u00e0 votre disposition tout au long de votre parcours dans l\u2019Ecole Lesage. &#13; Vous pourrez \u00eatre accompagn\u00e9(e) dans le choix de la formation la plus adapt\u00e9e \u00e0 votre projet et l\u2019explication des mode de financement existants. &#13; Vous serez pris [&hellip;]<\/p>\n","protected":false},"author":1,"featured_media":0,"parent":27,"menu_order":0,"comment_status":"closed","ping_status":"closed","template":"","meta":{"_acf_changed":false,"inline_featured_image":false,"footnotes":""},"class_list":["post-236","page","type-page","status-publish","hentry"],"acf":[],"yoast_head":"<!-- This site is optimized with the Yoast SEO Premium plugin v24.2 (Yoast SEO v27.5) - https:\/\/yoast.com\/product\/yoast-seo-premium-wordpress\/ -->\n<title>L&#039;\u00e9quipe de l&#039;\u00c9cole Lesage<\/title>\n<meta name=\"description\" content=\"L&#039;\u00e9quipe de professionnels de l&#039;\u00c9cole Lesage, passionn\u00e9e et p\u00e9dagogue, vous guidera tout au long de votre projet et vous transmettra son savoir-faire d&#039;exception dans le cadre d&#039;une formation d\u2019excellence en broderie de l\u2019art.\" \/>\n<meta name=\"robots\" content=\"index, follow, max-snippet:-1, max-image-preview:large, max-video-preview:-1\" \/>\n<link rel=\"canonical\" href=\"https:\/\/ecolelesage.com\/fr\/lecole\/equipe\/\" \/>\n<meta property=\"og:locale\" content=\"fr_FR\" \/>\n<meta property=\"og:type\" content=\"article\" \/>\n<meta property=\"og:title\" content=\"Equipe\" \/>\n<meta property=\"og:description\" content=\"L&#039;\u00e9quipe de professionnels de l&#039;\u00c9cole Lesage, passionn\u00e9e et p\u00e9dagogue, vous guidera tout au long de votre projet et vous transmettra son savoir-faire d&#039;exception dans le cadre d&#039;une formation d\u2019excellence en broderie de l\u2019art.\" \/>\n<meta property=\"og:url\" content=\"https:\/\/ecolelesage.com\/fr\/lecole\/equipe\/\" \/>\n<meta property=\"og:site_name\" content=\"\u00c9cole Lesage\" \/>\n<meta property=\"article:modified_time\" content=\"2023-08-31T12:19:38+00:00\" \/>\n<meta property=\"og:image\" content=\"https:\/\/ecolelesage.com\/wp-content\/uploads\/sites\/4\/2023\/08\/DSCF1421-1-1024x577.jpg\" \/>\n<meta name=\"twitter:card\" content=\"summary_large_image\" \/>\n<meta name=\"twitter:label1\" content=\"Dur\u00e9e de lecture estim\u00e9e\" \/>\n\t<meta name=\"twitter:data1\" content=\"1 minute\" \/>\n<script type=\"application\/ld+json\" class=\"yoast-schema-graph\">{\"@context\":\"https:\\\/\\\/schema.org\",\"@graph\":[{\"@type\":\"WebPage\",\"@id\":\"https:\\\/\\\/ecolelesage.com\\\/fr\\\/lecole\\\/equipe\\\/\",\"url\":\"https:\\\/\\\/ecolelesage.com\\\/fr\\\/lecole\\\/equipe\\\/\",\"name\":\"L'\u00e9quipe de l'\u00c9cole Lesage\",\"isPartOf\":{\"@id\":\"https:\\\/\\\/ecolelesage.com\\\/fr\\\/#website\"},\"primaryImageOfPage\":{\"@id\":\"https:\\\/\\\/ecolelesage.com\\\/fr\\\/lecole\\\/equipe\\\/#primaryimage\"},\"image\":{\"@id\":\"https:\\\/\\\/ecolelesage.com\\\/fr\\\/lecole\\\/equipe\\\/#primaryimage\"},\"thumbnailUrl\":\"https:\\\/\\\/ecolelesage.com\\\/wp-content\\\/uploads\\\/sites\\\/4\\\/2023\\\/08\\\/DSCF1421-1-1024x577.jpg\",\"datePublished\":\"2020-11-12T15:41:21+00:00\",\"dateModified\":\"2023-08-31T12:19:38+00:00\",\"description\":\"L'\u00e9quipe de professionnels de l'\u00c9cole Lesage, passionn\u00e9e et p\u00e9dagogue, vous guidera tout au long de votre projet et vous transmettra son savoir-faire d'exception dans le cadre d'une formation d\u2019excellence en broderie de l\u2019art.\",\"breadcrumb\":{\"@id\":\"https:\\\/\\\/ecolelesage.com\\\/fr\\\/lecole\\\/equipe\\\/#breadcrumb\"},\"inLanguage\":\"fr-FR\",\"potentialAction\":[{\"@type\":\"ReadAction\",\"target\":[\"https:\\\/\\\/ecolelesage.com\\\/fr\\\/lecole\\\/equipe\\\/\"]}]},{\"@type\":\"ImageObject\",\"inLanguage\":\"fr-FR\",\"@id\":\"https:\\\/\\\/ecolelesage.com\\\/fr\\\/lecole\\\/equipe\\\/#primaryimage\",\"url\":\"https:\\\/\\\/ecolelesage.com\\\/wp-content\\\/uploads\\\/sites\\\/4\\\/2023\\\/08\\\/DSCF1421-1-1024x577.jpg\",\"contentUrl\":\"https:\\\/\\\/ecolelesage.com\\\/wp-content\\\/uploads\\\/sites\\\/4\\\/2023\\\/08\\\/DSCF1421-1-1024x577.jpg\"},{\"@type\":\"BreadcrumbList\",\"@id\":\"https:\\\/\\\/ecolelesage.com\\\/fr\\\/lecole\\\/equipe\\\/#breadcrumb\",\"itemListElement\":[{\"@type\":\"ListItem\",\"position\":1,\"name\":\"Home\",\"item\":\"https:\\\/\\\/ecolelesage.com\\\/fr\\\/\"},{\"@type\":\"ListItem\",\"position\":2,\"name\":\"L&#8217;\u00e9cole\",\"item\":\"https:\\\/\\\/ecolelesage.com\\\/fr\\\/lecole\\\/\"},{\"@type\":\"ListItem\",\"position\":3,\"name\":\"Equipe\"}]},{\"@type\":\"WebSite\",\"@id\":\"https:\\\/\\\/ecolelesage.com\\\/fr\\\/#website\",\"url\":\"https:\\\/\\\/ecolelesage.com\\\/fr\\\/\",\"name\":\"\u00c9cole Lesage\",\"description\":\"\",\"potentialAction\":[{\"@type\":\"SearchAction\",\"target\":{\"@type\":\"EntryPoint\",\"urlTemplate\":\"https:\\\/\\\/ecolelesage.com\\\/fr\\\/?s={search_term_string}\"},\"query-input\":{\"@type\":\"PropertyValueSpecification\",\"valueRequired\":true,\"valueName\":\"search_term_string\"}}],\"inLanguage\":\"fr-FR\"}]}<\/script>\n<!-- \/ Yoast SEO Premium plugin. -->","yoast_head_json":{"title":"L'\u00e9quipe de l'\u00c9cole Lesage","description":"L'\u00e9quipe de professionnels de l'\u00c9cole Lesage, passionn\u00e9e et p\u00e9dagogue, vous guidera tout au long de votre projet et vous transmettra son savoir-faire d'exception dans le cadre d'une formation d\u2019excellence en broderie de l\u2019art.","robots":{"index":"index","follow":"follow","max-snippet":"max-snippet:-1","max-image-preview":"max-image-preview:large","max-video-preview":"max-video-preview:-1"},"canonical":"https:\/\/ecolelesage.com\/fr\/lecole\/equipe\/","og_locale":"fr_FR","og_type":"article","og_title":"Equipe","og_description":"L'\u00e9quipe de professionnels de l'\u00c9cole Lesage, passionn\u00e9e et p\u00e9dagogue, vous guidera tout au long de votre projet et vous transmettra son savoir-faire d'exception dans le cadre d'une formation d\u2019excellence en broderie de l\u2019art.","og_url":"https:\/\/ecolelesage.com\/fr\/lecole\/equipe\/","og_site_name":"\u00c9cole Lesage","article_modified_time":"2023-08-31T12:19:38+00:00","og_image":[{"url":"https:\/\/ecolelesage.com\/wp-content\/uploads\/sites\/4\/2023\/08\/DSCF1421-1-1024x577.jpg","type":"","width":"","height":""}],"twitter_card":"summary_large_image","twitter_misc":{"Dur\u00e9e de lecture estim\u00e9e":"1 minute"},"schema":{"@context":"https:\/\/schema.org","@graph":[{"@type":"WebPage","@id":"https:\/\/ecolelesage.com\/fr\/lecole\/equipe\/","url":"https:\/\/ecolelesage.com\/fr\/lecole\/equipe\/","name":"L'\u00e9quipe de l'\u00c9cole Lesage","isPartOf":{"@id":"https:\/\/ecolelesage.com\/fr\/#website"},"primaryImageOfPage":{"@id":"https:\/\/ecolelesage.com\/fr\/lecole\/equipe\/#primaryimage"},"image":{"@id":"https:\/\/ecolelesage.com\/fr\/lecole\/equipe\/#primaryimage"},"thumbnailUrl":"https:\/\/ecolelesage.com\/wp-content\/uploads\/sites\/4\/2023\/08\/DSCF1421-1-1024x577.jpg","datePublished":"2020-11-12T15:41:21+00:00","dateModified":"2023-08-31T12:19:38+00:00","description":"L'\u00e9quipe de professionnels de l'\u00c9cole Lesage, passionn\u00e9e et p\u00e9dagogue, vous guidera tout au long de votre projet et vous transmettra son savoir-faire d'exception dans le cadre d'une formation d\u2019excellence en broderie de l\u2019art.","breadcrumb":{"@id":"https:\/\/ecolelesage.com\/fr\/lecole\/equipe\/#breadcrumb"},"inLanguage":"fr-FR","potentialAction":[{"@type":"ReadAction","target":["https:\/\/ecolelesage.com\/fr\/lecole\/equipe\/"]}]},{"@type":"ImageObject","inLanguage":"fr-FR","@id":"https:\/\/ecolelesage.com\/fr\/lecole\/equipe\/#primaryimage","url":"https:\/\/ecolelesage.com\/wp-content\/uploads\/sites\/4\/2023\/08\/DSCF1421-1-1024x577.jpg","contentUrl":"https:\/\/ecolelesage.com\/wp-content\/uploads\/sites\/4\/2023\/08\/DSCF1421-1-1024x577.jpg"},{"@type":"BreadcrumbList","@id":"https:\/\/ecolelesage.com\/fr\/lecole\/equipe\/#breadcrumb","itemListElement":[{"@type":"ListItem","position":1,"name":"Home","item":"https:\/\/ecolelesage.com\/fr\/"},{"@type":"ListItem","position":2,"name":"L&#8217;\u00e9cole","item":"https:\/\/ecolelesage.com\/fr\/lecole\/"},{"@type":"ListItem","position":3,"name":"Equipe"}]},{"@type":"WebSite","@id":"https:\/\/ecolelesage.com\/fr\/#website","url":"https:\/\/ecolelesage.com\/fr\/","name":"\u00c9cole Lesage","description":"","potentialAction":[{"@type":"SearchAction","target":{"@type":"EntryPoint","urlTemplate":"https:\/\/ecolelesage.com\/fr\/?s={search_term_string}"},"query-input":{"@type":"PropertyValueSpecification","valueRequired":true,"valueName":"search_term_string"}}],"inLanguage":"fr-FR"}]}},"_links":{"self":[{"href":"https:\/\/ecolelesage.com\/fr\/wp-json\/wp\/v2\/pages\/236","targetHints":{"allow":["GET"]}}],"collection":[{"href":"https:\/\/ecolelesage.com\/fr\/wp-json\/wp\/v2\/pages"}],"about":[{"href":"https:\/\/ecolelesage.com\/fr\/wp-json\/wp\/v2\/types\/page"}],"author":[{"embeddable":true,"href":"https:\/\/ecolelesage.com\/fr\/wp-json\/wp\/v2\/users\/1"}],"replies":[{"embeddable":true,"href":"https:\/\/ecolelesage.com\/fr\/wp-json\/wp\/v2\/comments?post=236"}],"version-history":[{"count":0,"href":"https:\/\/ecolelesage.com\/fr\/wp-json\/wp\/v2\/pages\/236\/revisions"}],"up":[{"embeddable":true,"href":"https:\/\/ecolelesage.com\/fr\/wp-json\/wp\/v2\/pages\/27"}],"wp:attachment":[{"href":"https:\/\/ecolelesage.com\/fr\/wp-json\/wp\/v2\/media?parent=236"}],"curies":[{"name":"wp","href":"https:\/\/api.w.org\/{rel}","templated":true}]}}