{"id":168,"date":"2020-11-09T16:27:11","date_gmt":"2020-11-09T16:27:11","guid":{"rendered":"https:\/\/ecolelesage.com\/lecole\/histoire\/"},"modified":"2023-09-04T15:55:23","modified_gmt":"2023-09-04T13:55:23","slug":"histoire","status":"publish","type":"page","link":"https:\/\/ecolelesage.com\/fr\/lecole\/histoire\/","title":{"rendered":"Histoire"},"content":{"rendered":"\n<div class=\"wp-block-group titre-ecole-sem\"><div class=\"wp-block-group__inner-container is-layout-flow wp-block-group-is-layout-flow\">\n<h1 class=\"wp-block-heading\" id=\"h-the-school\">L&rsquo;\u00e9cole<\/h1>\n\n\n\n<div class=\"wp-block-group\"><div class=\"wp-block-group__inner-container is-layout-flow wp-block-group-is-layout-flow\">\n<div class=\"wp-block-buttons buttons-cours is-layout-flex wp-block-buttons-is-layout-flex\">\n<div class=\"wp-block-button is-style-outline btn-ecole-sem btn-active is-style-outline--1\" id=\"btn-active\"><a class=\"wp-block-button__link wp-element-button\" href=\"https:\/\/ecolelesage.com\/fr\/lecole\/histoire\/\" style=\"border-radius:3px\">Histoire<\/a><\/div>\n\n\n\n<div class=\"wp-block-button is-style-outline btn-ecole-sem is-style-outline--2\"><a class=\"wp-block-button__link wp-element-button\" href=\"https:\/\/ecolelesage.com\/fr\/lecole\/equipe\/\" style=\"border-radius:3px\">Equipe<\/a><\/div>\n\n\n\n<div class=\"wp-block-button is-style-outline btn-ecole-sem is-style-outline--3\"><a class=\"wp-block-button__link wp-element-button\" href=\"https:\/\/ecolelesage.com\/fr\/lecole\/partenariats\/\" style=\"border-radius:3px\">Partenariats<\/a><\/div>\n\n\n\n<div class=\"wp-block-button is-style-outline btn-ecole-sem is-style-outline--4\"><a class=\"wp-block-button__link wp-element-button\" href=\"https:\/\/ecolelesage.com\/fr\/lexique\/\" style=\"border-radius:3px\">Lexique<\/a><\/div>\n<\/div>\n<\/div><\/div>\n<\/div><\/div>\n\n<div class=\"wp-block-group bandeau-ecole\"><div class=\"wp-block-group__inner-container is-layout-flow wp-block-group-is-layout-flow\">\n<figure class=\"wp-block-image size-large histoire\"><img loading=\"lazy\" decoding=\"async\" width=\"1024\" height=\"300\" src=\"https:\/\/ecolelesage.com\/wp-content\/uploads\/sites\/4\/2023\/09\/Pate-Ecole-Lesage-test-1-1024x300.png\" alt=\"\" class=\"wp-image-1870\" srcset=\"https:\/\/ecolelesage.com\/wp-content\/uploads\/sites\/4\/2023\/09\/Pate-Ecole-Lesage-test-1-1024x300.png 1024w, https:\/\/ecolelesage.com\/wp-content\/uploads\/sites\/4\/2023\/09\/Pate-Ecole-Lesage-test-1-300x88.png 300w, https:\/\/ecolelesage.com\/wp-content\/uploads\/sites\/4\/2023\/09\/Pate-Ecole-Lesage-test-1-768x225.png 768w, https:\/\/ecolelesage.com\/wp-content\/uploads\/sites\/4\/2023\/09\/Pate-Ecole-Lesage-test-1-1536x450.png 1536w, https:\/\/ecolelesage.com\/wp-content\/uploads\/sites\/4\/2023\/09\/Pate-Ecole-Lesage-test-1-24x7.png 24w, https:\/\/ecolelesage.com\/wp-content\/uploads\/sites\/4\/2023\/09\/Pate-Ecole-Lesage-test-1-36x11.png 36w, https:\/\/ecolelesage.com\/wp-content\/uploads\/sites\/4\/2023\/09\/Pate-Ecole-Lesage-test-1-48x14.png 48w, https:\/\/ecolelesage.com\/wp-content\/uploads\/sites\/4\/2023\/09\/Pate-Ecole-Lesage-test-1-600x176.png 600w, https:\/\/ecolelesage.com\/wp-content\/uploads\/sites\/4\/2023\/09\/Pate-Ecole-Lesage-test-1.png 2048w\" sizes=\"auto, (max-width: 1024px) 100vw, 1024px\" \/><\/figure>\n<\/div><\/div>\n\n<div class=\"wp-block-group ecole-sem ecole-hist\"><div class=\"wp-block-group__inner-container is-layout-flow wp-block-group-is-layout-flow\">\n<p>Suivre une formation dans la prestigieuse Ecole Lesage, c\u2019est \u00eatre invit\u00e9 \u00e0 partager plus d\u2019un si\u00e8cle et demi de passion, de talent et d\u2019un savoir-faire toujours renouvel\u00e9. C\u2019est avoir la chance de s\u2019approprier les techniques maitris\u00e9es ou invent\u00e9es par l\u2019une des plus grandes Maisons de broderie d\u2019art.<\/p>\n\n\n\n<p>En 1992 <a href=\"http:\/\/fr.wikipedia.org\/wiki\/Fran&#xE7;ois_Lesage\">Fran\u00e7ois Lesage<\/a>, conscient de d\u00e9tenir un savoir-faire exceptionnel et d\u00e9sireux de le transmettre, d\u00e9cide de fonder son \u00e9cole. Depuis, plus de 4000 \u00e9l\u00e8ves venant des quatre coins du monde, amateurs ou professionnels, sont venus \u00e9tudier la broderie au sein de notre \u00e9cole pour y recevoir un enseignement sur mesure prodigu\u00e9 par des brodeuses hors pair, dont certaines travaillent dans les c\u00e9l\u00e8bres ateliers de la maison LESAGE. Chaque \u00e9l\u00e8ve s\u2019impr\u00e8gne un peu de l\u2019extraordinaire histoire de la Maison Lesage, ind\u00e9fectiblement li\u00e9e aux plus grands noms de la mode<\/p>\n\n\n\n<p>En effet, qu\u2019il s\u2019agisse d\u2019Albert et Marie-Louise, qui ach\u00e8tent l\u2019atelier de broderie Michonet fond\u00e9 en 1858, ou de leur fils Fran\u00e7ois qui reprend les r\u00eanes de la Maison alors \u00e2g\u00e9 d\u2019\u00e0 peine vingt ans, les Lesage ont de tous temps particip\u00e9 au succ\u00e8s des collections les plus attendues. H\u00e9ritiers de savoir-faire anciens, ils n\u2019ont cess\u00e9 d\u2019innover pour accompagner les d\u00e9sirs de perfection et de modernit\u00e9 de leurs illustres commanditaires. <\/p>\n\n\n\n<p>Dans les archives de la Maison Lesage, plus grande collection de broderie d\u2019art au monde regroupant 75 000 \u00e9chantillons, on retrouve les cr\u00e9ations qui illumin\u00e8rent les plus beaux d\u00e9fil\u00e9s de Madeleine Vionnet, Elsa Schiaparelli, Yves Saint Laurent, Christian Lacroix et toutes les c\u00e9l\u00e8bres Maisons de Couture.<\/p>\n\n\n\n<p>Cette collection s\u2019enrichit chaque saison d\u2019\u00e9chantillons exceptionnels que les brodeuses de la Maison Lesage, continuent de cr\u00e9er pour CHANEL, Valentino, Christian Dior, et pour les nouveaux talents de la Haute Couture et du pr\u00eat-\u00e0-porter de luxe.<\/p>\n\n\n\n<p>\u00c0 travers des formations reconnues, c\u2019est ce tr\u00e9sor que les enseignantes passionn\u00e9es de l\u2019Ecole Lesage vous proposent de d\u00e9couvrir, en brodant vous-m\u00eames, sous leurs yeux experts, des pi\u00e8ces sp\u00e9cialement cr\u00e9\u00e9es pour les techniques qu\u2019elles permettent d\u2019aborder.<\/p>\n\n\n\n<p><\/p>\n\n\n\n<h2 class=\"wp-block-heading\" id=\"h-teaching-tailored-to-your-skill-level\">Un enseignement sur mesure<\/h2>\n\n\n\n<p><\/p>\n\n\n\n<p>L\u2019Ecole Lesage propose un large panel de formations, ouvertes aux brodeurs d\u00e9butants comme confirm\u00e9s, aux amateurs passionn\u00e9s comme \u00e0 ceux qui recherchent un enseignement professionnel reconnu par les grandes maisons de luxe et de la mode.<\/p>\n<\/div><\/div>\n","protected":false},"excerpt":{"rendered":"<p>L&rsquo;\u00e9cole Suivre une formation dans la prestigieuse Ecole Lesage, c\u2019est \u00eatre invit\u00e9 \u00e0 partager plus d\u2019un si\u00e8cle et demi de passion, de talent et d\u2019un savoir-faire toujours renouvel\u00e9. C\u2019est avoir la chance de s\u2019approprier les techniques maitris\u00e9es ou invent\u00e9es par l\u2019une des plus grandes Maisons de broderie d\u2019art. En 1992 Fran\u00e7ois Lesage, conscient de d\u00e9tenir [&hellip;]<\/p>\n","protected":false},"author":1,"featured_media":0,"parent":27,"menu_order":0,"comment_status":"closed","ping_status":"closed","template":"","meta":{"_acf_changed":false,"inline_featured_image":false,"footnotes":""},"class_list":["post-168","page","type-page","status-publish","hentry"],"acf":[],"yoast_head":"<!-- This site is optimized with the Yoast SEO Premium plugin v24.2 (Yoast SEO v27.4) - https:\/\/yoast.com\/product\/yoast-seo-premium-wordpress\/ -->\n<title>L&#039;histoire de l&#039;\u00c9cole Lesage<\/title>\n<meta name=\"description\" content=\"Venez d\u00e9couvrir l\u2019histoire de l\u2019\u00c9cole Lesage, symbole de la broderie d\u2019art depuis plus d\u2019un si\u00e8cle et demi et d\u00e9sireuse de transmettre son savoir-faire d&#039;excellence aux passionn\u00e9s.\" \/>\n<meta name=\"robots\" content=\"index, follow, max-snippet:-1, max-image-preview:large, max-video-preview:-1\" \/>\n<link rel=\"canonical\" href=\"https:\/\/ecolelesage.com\/fr\/lecole\/histoire\/\" \/>\n<meta property=\"og:locale\" content=\"fr_FR\" \/>\n<meta property=\"og:type\" content=\"article\" \/>\n<meta property=\"og:title\" content=\"Histoire\" \/>\n<meta property=\"og:description\" content=\"Venez d\u00e9couvrir l\u2019histoire de l\u2019\u00c9cole Lesage, symbole de la broderie d\u2019art depuis plus d\u2019un si\u00e8cle et demi et d\u00e9sireuse de transmettre son savoir-faire d&#039;excellence aux passionn\u00e9s.\" \/>\n<meta property=\"og:url\" content=\"https:\/\/ecolelesage.com\/fr\/lecole\/histoire\/\" \/>\n<meta property=\"og:site_name\" content=\"\u00c9cole Lesage\" \/>\n<meta property=\"article:modified_time\" content=\"2023-09-04T13:55:23+00:00\" \/>\n<meta property=\"og:image\" content=\"https:\/\/ecolelesage.com\/wp-content\/uploads\/sites\/4\/2023\/09\/Pate-Ecole-Lesage-test-1-1024x300.png\" \/>\n<meta name=\"twitter:card\" content=\"summary_large_image\" \/>\n<meta name=\"twitter:label1\" content=\"Dur\u00e9e de lecture estim\u00e9e\" \/>\n\t<meta name=\"twitter:data1\" content=\"2 minutes\" \/>\n<script type=\"application\/ld+json\" class=\"yoast-schema-graph\">{\"@context\":\"https:\\\/\\\/schema.org\",\"@graph\":[{\"@type\":\"WebPage\",\"@id\":\"https:\\\/\\\/ecolelesage.com\\\/fr\\\/lecole\\\/histoire\\\/\",\"url\":\"https:\\\/\\\/ecolelesage.com\\\/fr\\\/lecole\\\/histoire\\\/\",\"name\":\"L'histoire de l'\u00c9cole Lesage\",\"isPartOf\":{\"@id\":\"https:\\\/\\\/ecolelesage.com\\\/fr\\\/#website\"},\"primaryImageOfPage\":{\"@id\":\"https:\\\/\\\/ecolelesage.com\\\/fr\\\/lecole\\\/histoire\\\/#primaryimage\"},\"image\":{\"@id\":\"https:\\\/\\\/ecolelesage.com\\\/fr\\\/lecole\\\/histoire\\\/#primaryimage\"},\"thumbnailUrl\":\"https:\\\/\\\/ecolelesage.com\\\/wp-content\\\/uploads\\\/sites\\\/4\\\/2023\\\/09\\\/Pate-Ecole-Lesage-test-1-1024x300.png\",\"datePublished\":\"2020-11-09T16:27:11+00:00\",\"dateModified\":\"2023-09-04T13:55:23+00:00\",\"description\":\"Venez d\u00e9couvrir l\u2019histoire de l\u2019\u00c9cole Lesage, symbole de la broderie d\u2019art depuis plus d\u2019un si\u00e8cle et demi et d\u00e9sireuse de transmettre son savoir-faire d'excellence aux passionn\u00e9s.\",\"breadcrumb\":{\"@id\":\"https:\\\/\\\/ecolelesage.com\\\/fr\\\/lecole\\\/histoire\\\/#breadcrumb\"},\"inLanguage\":\"fr-FR\",\"potentialAction\":[{\"@type\":\"ReadAction\",\"target\":[\"https:\\\/\\\/ecolelesage.com\\\/fr\\\/lecole\\\/histoire\\\/\"]}]},{\"@type\":\"ImageObject\",\"inLanguage\":\"fr-FR\",\"@id\":\"https:\\\/\\\/ecolelesage.com\\\/fr\\\/lecole\\\/histoire\\\/#primaryimage\",\"url\":\"https:\\\/\\\/ecolelesage.com\\\/wp-content\\\/uploads\\\/sites\\\/4\\\/2023\\\/09\\\/Pate-Ecole-Lesage-test-1-1024x300.png\",\"contentUrl\":\"https:\\\/\\\/ecolelesage.com\\\/wp-content\\\/uploads\\\/sites\\\/4\\\/2023\\\/09\\\/Pate-Ecole-Lesage-test-1-1024x300.png\"},{\"@type\":\"BreadcrumbList\",\"@id\":\"https:\\\/\\\/ecolelesage.com\\\/fr\\\/lecole\\\/histoire\\\/#breadcrumb\",\"itemListElement\":[{\"@type\":\"ListItem\",\"position\":1,\"name\":\"Home\",\"item\":\"https:\\\/\\\/ecolelesage.com\\\/fr\\\/\"},{\"@type\":\"ListItem\",\"position\":2,\"name\":\"L&#8217;\u00e9cole\",\"item\":\"https:\\\/\\\/ecolelesage.com\\\/fr\\\/lecole\\\/\"},{\"@type\":\"ListItem\",\"position\":3,\"name\":\"Histoire\"}]},{\"@type\":\"WebSite\",\"@id\":\"https:\\\/\\\/ecolelesage.com\\\/fr\\\/#website\",\"url\":\"https:\\\/\\\/ecolelesage.com\\\/fr\\\/\",\"name\":\"\u00c9cole Lesage\",\"description\":\"\",\"potentialAction\":[{\"@type\":\"SearchAction\",\"target\":{\"@type\":\"EntryPoint\",\"urlTemplate\":\"https:\\\/\\\/ecolelesage.com\\\/fr\\\/?s={search_term_string}\"},\"query-input\":{\"@type\":\"PropertyValueSpecification\",\"valueRequired\":true,\"valueName\":\"search_term_string\"}}],\"inLanguage\":\"fr-FR\"}]}<\/script>\n<!-- \/ Yoast SEO Premium plugin. -->","yoast_head_json":{"title":"L'histoire de l'\u00c9cole Lesage","description":"Venez d\u00e9couvrir l\u2019histoire de l\u2019\u00c9cole Lesage, symbole de la broderie d\u2019art depuis plus d\u2019un si\u00e8cle et demi et d\u00e9sireuse de transmettre son savoir-faire d'excellence aux passionn\u00e9s.","robots":{"index":"index","follow":"follow","max-snippet":"max-snippet:-1","max-image-preview":"max-image-preview:large","max-video-preview":"max-video-preview:-1"},"canonical":"https:\/\/ecolelesage.com\/fr\/lecole\/histoire\/","og_locale":"fr_FR","og_type":"article","og_title":"Histoire","og_description":"Venez d\u00e9couvrir l\u2019histoire de l\u2019\u00c9cole Lesage, symbole de la broderie d\u2019art depuis plus d\u2019un si\u00e8cle et demi et d\u00e9sireuse de transmettre son savoir-faire d'excellence aux passionn\u00e9s.","og_url":"https:\/\/ecolelesage.com\/fr\/lecole\/histoire\/","og_site_name":"\u00c9cole Lesage","article_modified_time":"2023-09-04T13:55:23+00:00","og_image":[{"url":"https:\/\/ecolelesage.com\/wp-content\/uploads\/sites\/4\/2023\/09\/Pate-Ecole-Lesage-test-1-1024x300.png","type":"","width":"","height":""}],"twitter_card":"summary_large_image","twitter_misc":{"Dur\u00e9e de lecture estim\u00e9e":"2 minutes"},"schema":{"@context":"https:\/\/schema.org","@graph":[{"@type":"WebPage","@id":"https:\/\/ecolelesage.com\/fr\/lecole\/histoire\/","url":"https:\/\/ecolelesage.com\/fr\/lecole\/histoire\/","name":"L'histoire de l'\u00c9cole Lesage","isPartOf":{"@id":"https:\/\/ecolelesage.com\/fr\/#website"},"primaryImageOfPage":{"@id":"https:\/\/ecolelesage.com\/fr\/lecole\/histoire\/#primaryimage"},"image":{"@id":"https:\/\/ecolelesage.com\/fr\/lecole\/histoire\/#primaryimage"},"thumbnailUrl":"https:\/\/ecolelesage.com\/wp-content\/uploads\/sites\/4\/2023\/09\/Pate-Ecole-Lesage-test-1-1024x300.png","datePublished":"2020-11-09T16:27:11+00:00","dateModified":"2023-09-04T13:55:23+00:00","description":"Venez d\u00e9couvrir l\u2019histoire de l\u2019\u00c9cole Lesage, symbole de la broderie d\u2019art depuis plus d\u2019un si\u00e8cle et demi et d\u00e9sireuse de transmettre son savoir-faire d'excellence aux passionn\u00e9s.","breadcrumb":{"@id":"https:\/\/ecolelesage.com\/fr\/lecole\/histoire\/#breadcrumb"},"inLanguage":"fr-FR","potentialAction":[{"@type":"ReadAction","target":["https:\/\/ecolelesage.com\/fr\/lecole\/histoire\/"]}]},{"@type":"ImageObject","inLanguage":"fr-FR","@id":"https:\/\/ecolelesage.com\/fr\/lecole\/histoire\/#primaryimage","url":"https:\/\/ecolelesage.com\/wp-content\/uploads\/sites\/4\/2023\/09\/Pate-Ecole-Lesage-test-1-1024x300.png","contentUrl":"https:\/\/ecolelesage.com\/wp-content\/uploads\/sites\/4\/2023\/09\/Pate-Ecole-Lesage-test-1-1024x300.png"},{"@type":"BreadcrumbList","@id":"https:\/\/ecolelesage.com\/fr\/lecole\/histoire\/#breadcrumb","itemListElement":[{"@type":"ListItem","position":1,"name":"Home","item":"https:\/\/ecolelesage.com\/fr\/"},{"@type":"ListItem","position":2,"name":"L&#8217;\u00e9cole","item":"https:\/\/ecolelesage.com\/fr\/lecole\/"},{"@type":"ListItem","position":3,"name":"Histoire"}]},{"@type":"WebSite","@id":"https:\/\/ecolelesage.com\/fr\/#website","url":"https:\/\/ecolelesage.com\/fr\/","name":"\u00c9cole Lesage","description":"","potentialAction":[{"@type":"SearchAction","target":{"@type":"EntryPoint","urlTemplate":"https:\/\/ecolelesage.com\/fr\/?s={search_term_string}"},"query-input":{"@type":"PropertyValueSpecification","valueRequired":true,"valueName":"search_term_string"}}],"inLanguage":"fr-FR"}]}},"_links":{"self":[{"href":"https:\/\/ecolelesage.com\/fr\/wp-json\/wp\/v2\/pages\/168","targetHints":{"allow":["GET"]}}],"collection":[{"href":"https:\/\/ecolelesage.com\/fr\/wp-json\/wp\/v2\/pages"}],"about":[{"href":"https:\/\/ecolelesage.com\/fr\/wp-json\/wp\/v2\/types\/page"}],"author":[{"embeddable":true,"href":"https:\/\/ecolelesage.com\/fr\/wp-json\/wp\/v2\/users\/1"}],"replies":[{"embeddable":true,"href":"https:\/\/ecolelesage.com\/fr\/wp-json\/wp\/v2\/comments?post=168"}],"version-history":[{"count":0,"href":"https:\/\/ecolelesage.com\/fr\/wp-json\/wp\/v2\/pages\/168\/revisions"}],"up":[{"embeddable":true,"href":"https:\/\/ecolelesage.com\/fr\/wp-json\/wp\/v2\/pages\/27"}],"wp:attachment":[{"href":"https:\/\/ecolelesage.com\/fr\/wp-json\/wp\/v2\/media?parent=168"}],"curies":[{"name":"wp","href":"https:\/\/api.w.org\/{rel}","templated":true}]}}