{"id":1450,"date":"2023-04-04T16:25:51","date_gmt":"2023-04-04T14:25:51","guid":{"rendered":"https:\/\/ecolelesage.com\/mentions-legales\/"},"modified":"2023-04-04T16:28:59","modified_gmt":"2023-04-04T14:28:59","slug":"mentions-legales","status":"publish","type":"page","link":"https:\/\/ecolelesage.com\/fr\/mentions-legales\/","title":{"rendered":"Mentions l\u00e9gales"},"content":{"rendered":"\n<div class=\"wp-block-group\"><div class=\"wp-block-group__inner-container is-layout-flow wp-block-group-is-layout-flow\">\n<div class=\"wp-block-group\"><div class=\"wp-block-group__inner-container is-layout-flow wp-block-group-is-layout-flow\">\n<div class=\"wp-block-group mentions-header\"><div class=\"wp-block-group__inner-container is-layout-flow wp-block-group-is-layout-flow\">\n<p>1. PREFACE<\/p>\n\n\n\n<figure class=\"wp-block-image size-large\"><img loading=\"lazy\" decoding=\"async\" width=\"36\" height=\"36\" src=\"https:\/\/chanel-rct.syspark.net\/chanel-df\/ecolelesage\/wp-content\/uploads\/sites\/4\/2020\/12\/chevron_right.png\" alt=\"\" class=\"wp-image-527\"\/><\/figure>\n\n\n<p><\/p>\n<\/div><\/div>\n\n\n\n<div class=\"wp-block-group mentions-text-block\"><div class=\"wp-block-group__inner-container is-layout-flow wp-block-group-is-layout-flow\">\n<p>Sauf disposition contraire, les pr\u00e9sentes mentions l\u00e9gales sont applicables \u00e0 votre navigation sur le site Internet\u00a0<a href=\"https:\/\/ecolelesage.com\/fr\/\"><u>www.ecolelesage.fr<\/u><\/a> ci-apr\u00e8s d\u00e9sign\u00e9 le \u00ab Site \u00bb.<\/p>\n\n\n\n<p>La rubrique Donn\u00e9es Personnelles, qui r\u00e9git le traitement de vos donn\u00e9es personnelles, forme un ensemble contractuel avec les pr\u00e9sentes mentions l\u00e9gales.<\/p>\n\n\n\n<p><\/p>\n\n\n\n<p><\/p>\n<\/div><\/div>\n<\/div><\/div>\n\n\n\n<div class=\"wp-block-group\"><div class=\"wp-block-group__inner-container is-layout-flow wp-block-group-is-layout-flow\">\n<div class=\"wp-block-group mentions-header\"><div class=\"wp-block-group__inner-container is-layout-flow wp-block-group-is-layout-flow\">\n<p class=\"oui\">2. Coordonn\u00e9es<\/p>\n\n\n\n<figure class=\"wp-block-image size-large\"><img loading=\"lazy\" decoding=\"async\" width=\"36\" height=\"36\" src=\"https:\/\/chanel-rct.syspark.net\/chanel-df\/ecolelesage\/wp-content\/uploads\/sites\/4\/2020\/12\/chevron_right.png\" alt=\"\" class=\"wp-image-527\"\/><\/figure>\n\n\n<p><\/p>\n<\/div><\/div>\n\n\n\n<div class=\"wp-block-group mentions-text-block\"><div class=\"wp-block-group__inner-container is-layout-flow wp-block-group-is-layout-flow\">\n<p>L\u2019Ecole Lesage est une activit\u00e9 de la soci\u00e9t\u00e9 Lesage Paris, soci\u00e9t\u00e9 par actions simplifi\u00e9es au capital de 126 000 euros (ci-apr\u00e8s \u00ab Lesage Paris \u00bb), dont le si\u00e8ge social est situ\u00e9 au 20 rue du Cheval Blanc \u2013 93500 Pantin, immatricul\u00e9e sous le num\u00e9ro RCS Bobigny 592 011 985 et sous le num\u00e9ro de TVA Intracommunautaire: FR14592011985&#13;\n<\/p>\n\n\n\n<p><\/p>\n\n\n\n<p>Lesage Paris est l&rsquo;\u00e9diteur du Site dont Caroline Le Borgne est le directeur de publication en sa qualit\u00e9 de directrice g\u00e9n\u00e9rale.<\/p>\n\n\n\n<p><\/p>\n\n\n\n<p>Pour toute question concernant le Site, nous vous remercions de bien vouloir vous adresser \u00e0:<\/p>\n\n\n\n<p><\/p>\n\n\n\n<ul class=\"wp-block-list\">\n<li>\u2022\tPar courrier : Lesage Paris, 20 rue du Cheval blanc \u2013 93500 PANTIN (France) ; <\/li>\n\n\n\n<li>\u2022\tPar e-mail : ecole@lesage-paris.fr<\/li>\n\n\n\n<li>\u2022\tPar t\u00e9l\u00e9phone : 01.49.15.11.00 <\/li>\n<\/ul>\n\n\n\n<p><\/p>\n\n\n\n<p>Le site est h\u00e9berg\u00e9 par la soci\u00e9t\u00e9 Equinix, dont le si\u00e8ge est situ\u00e9 au 114 rue Ambroise Croizat &#8211; Saint-Denis 93200, France.<\/p>\n\n\n\n<p><\/p>\n\n\n\n<p>L&rsquo;acc\u00e8s au Site ainsi que l&rsquo;utilisation de son contenu s&rsquo;effectue dans le cadre des mentions d&rsquo;utilisation d\u00e9crites ci-apr\u00e8s. Le fait d&rsquo;acc\u00e9der et de naviguer sur le Site constitue de votre part une acceptation sans r\u00e9serve des pr\u00e9cisions suivantes d\u00e9crites ci-apr\u00e8s.<\/p>\n\n\n\n<p><\/p>\n\n\n\n<p><\/p>\n<\/div><\/div>\n<\/div><\/div>\n<\/div><\/div>\n\n<div class=\"wp-block-group\"><div class=\"wp-block-group__inner-container is-layout-flow wp-block-group-is-layout-flow\">\n<div class=\"wp-block-group\"><div class=\"wp-block-group__inner-container is-layout-flow wp-block-group-is-layout-flow\">\n<div class=\"wp-block-group mentions-header\"><div class=\"wp-block-group__inner-container is-layout-flow wp-block-group-is-layout-flow\">\n<p>3. Droits de propri\u00e9t\u00e9 intellectuelle<\/p>\n\n\n\n<figure class=\"wp-block-image size-large\"><img loading=\"lazy\" decoding=\"async\" width=\"36\" height=\"36\" src=\"https:\/\/chanel-rct.syspark.net\/chanel-df\/ecolelesage\/wp-content\/uploads\/sites\/4\/2020\/12\/chevron_right.png\" alt=\"\" class=\"wp-image-527\"\/><\/figure>\n\n\n<p><\/p>\n<\/div><\/div>\n\n\n\n<div class=\"wp-block-group mentions-text-block\"><div class=\"wp-block-group__inner-container is-layout-flow wp-block-group-is-layout-flow\">\n<p>Lesage Paris et\/ou ses soci\u00e9t\u00e9s affili\u00e9es dans le monde est\/sont titulaire(s) du nom de domaine \u00ab www.ecolelesage.fr \u00bb. Le Site est une \u0153uvre de l&rsquo;esprit prot\u00e9g\u00e9e par le droit de la propri\u00e9t\u00e9 intellectuelle. Le Site dans son ensemble et chacun des \u00e9l\u00e9ments de propri\u00e9t\u00e9 intellectuelle qui le composent (tels que textes, arborescences, logiciels, animations, photographies, illustrations, sch\u00e9mas, logos, marques, dessins et mod\u00e8les) sont la propri\u00e9t\u00e9 exclusive de Lesage Paris et\/ou de ses soci\u00e9t\u00e9s affili\u00e9es dans le monde et\/ou ont \u00e9t\u00e9 r\u00e9guli\u00e8rement conc\u00e9d\u00e9s en licence \u00e0 Lesage Paris. Lesage Paris et\/ou ses soci\u00e9t\u00e9s affili\u00e9es dans le monde est\/sont seule(s) habilit\u00e9e(s) \u00e0 utiliser les droits de propri\u00e9t\u00e9 intellectuelle y aff\u00e9rents.&#13;\n<\/p>\n\n\n\n<p><\/p>\n\n\n\n<p>L&rsquo;usage de tout ou partie du Site, notamment par t\u00e9l\u00e9chargement, reproduction, transmission, repr\u00e9sentation ou diffusion \u00e0 d&rsquo;autres fins que pour votre usage personnel et priv\u00e9 dans un but commercial ou non est strictement interdit. La violation de ces dispositions vous soumet aux sanctions pr\u00e9vues par la loi.<\/p>\n\n\n\n<p><\/p>\n\n\n\n<p>La cr\u00e9ation de liens hypertextes vers le Site ne peut \u00eatre faite qu&rsquo;avec l&rsquo;autorisation \u00e9crite et pr\u00e9alable de Lesage Paris, laquelle autorisation peut \u00eatre r\u00e9voqu\u00e9e \u00e0 tout moment.<\/p>\n\n\n\n<p><\/p>\n\n\n\n<p>Tous les sites ayant un lien hypertexte vers le Site ne sont pas sous le contr\u00f4le de Lesage Paris et celle-ci Lesage Paris d\u00e9cline par cons\u00e9quent toute responsabilit\u00e9 (notamment \u00e9ditoriale) concernant l&rsquo;acc\u00e8s et le contenu \u00e0 ces sites.<\/p>\n\n\n\n<p><\/p>\n\n\n\n<p>Lesage Paris est libre de modifier, \u00e0 tout moment et sans pr\u00e9avis, le contenu du Site.<\/p>\n\n\n\n<p><\/p>\n\n\n\n<p><\/p>\n<\/div><\/div>\n<\/div><\/div>\n<\/div><\/div>\n\n<div class=\"wp-block-group\"><div class=\"wp-block-group__inner-container is-layout-flow wp-block-group-is-layout-flow\">\n<div class=\"wp-block-group\"><div class=\"wp-block-group__inner-container is-layout-flow wp-block-group-is-layout-flow\">\n<div class=\"wp-block-group mentions-header\"><div class=\"wp-block-group__inner-container is-layout-flow wp-block-group-is-layout-flow\">\n<p>4. Garanties et responsabilit\u00e9s<\/p>\n\n\n\n<figure class=\"wp-block-image size-large\"><img loading=\"lazy\" decoding=\"async\" width=\"36\" height=\"36\" src=\"https:\/\/chanel-rct.syspark.net\/chanel-df\/ecolelesage\/wp-content\/uploads\/sites\/4\/2020\/12\/chevron_right.png\" alt=\"\" class=\"wp-image-527\"\/><\/figure>\n\n\n<p><\/p>\n<\/div><\/div>\n\n\n\n<div class=\"wp-block-group mentions-text-block\"><div class=\"wp-block-group__inner-container is-layout-flow wp-block-group-is-layout-flow\">\n<p>Lesage Paris s&rsquo;efforce d&rsquo;assurer au mieux que les informations accessibles par l&rsquo;interm\u00e9diaire du Site sont exactes et mises \u00e0 jour. Cependant, Lesage Paris ne garantit en aucune mani\u00e8re que ces informations soient exactes, compl\u00e8tes et \u00e0 jour. Lesage Paris n&rsquo;assure aucune garantie, expresse ou tacite, concernant tout ou partie du Site.&#13;\n<\/p>\n\n\n\n<p><\/p>\n\n\n\n<p>Lesage Paris ne peut \u00eatre tenue pour responsable d&rsquo;un quelconque dommage direct ou indirect, quelle qu&rsquo;en soit la cause, origine, nature et cons\u00e9quence, d\u00e9coulant de la consultation ou de l&rsquo;utilisation du Site. Notamment, Lesage Paris d\u00e9cline toute responsabilit\u00e9 en cas d&rsquo;interruption ou d&rsquo;inaccessibilit\u00e9 du Site, de survenance de bogues, de tout dommage r\u00e9sultant d&rsquo;actes frauduleux de tiers (tels qu\u2019intrusion) \u00e0 partir du Site.<\/p>\n\n\n\n<p><\/p>\n\n\n\n<p>Lesage Paris met en \u0153uvre des moyens destin\u00e9s \u00e0 assurer la s\u00e9curit\u00e9 des fichiers constitu\u00e9s \u00e0 partir des donn\u00e9es \u00e0 caract\u00e8re personnel collect\u00e9es sur le Site. Lesage Paris ne ma\u00eetrise pas les risques li\u00e9s au fonctionnement d&rsquo;Internet et attire votre attention sur l&rsquo;existence d&rsquo;\u00e9ventuels risques en terme de confidentialit\u00e9 des donn\u00e9es transitant via ce r\u00e9seau.<\/p>\n\n\n\n<p><\/p>\n\n\n\n<p><\/p>\n<\/div><\/div>\n<\/div><\/div>\n\n\n\n<div class=\"wp-block-group\"><div class=\"wp-block-group__inner-container is-layout-flow wp-block-group-is-layout-flow\">\n<div class=\"wp-block-group mentions-header\"><div class=\"wp-block-group__inner-container is-layout-flow wp-block-group-is-layout-flow\">\n<p>5. Modifications des mentions l\u00e9gales<\/p>\n\n\n\n<figure class=\"wp-block-image size-large\"><img loading=\"lazy\" decoding=\"async\" width=\"36\" height=\"36\" src=\"https:\/\/chanel-rct.syspark.net\/chanel-df\/ecolelesage\/wp-content\/uploads\/sites\/4\/2020\/12\/chevron_right.png\" alt=\"\" class=\"wp-image-527\"\/><\/figure>\n\n\n<p><\/p>\n<\/div><\/div>\n\n\n\n<div class=\"wp-block-group mentions-text-block\"><div class=\"wp-block-group__inner-container is-layout-flow wp-block-group-is-layout-flow\">\n<p>Lesage Paris vous informe que les pr\u00e9sentes mentions peuvent \u00eatre modifi\u00e9es \u00e0 tout moment. Ces modifications sont publi\u00e9es par leur mise en ligne et sont r\u00e9put\u00e9es accept\u00e9es sans r\u00e9serve lorsque vous acc\u00e9dez au Site post\u00e9rieurement \u00e0 leur mise en ligne. Nous vous recommandons de consulter r\u00e9guli\u00e8rement la pr\u00e9sente page.<\/p>\n\n\n\n<p><\/p>\n\n\n\n<p><\/p>\n<\/div><\/div>\n<\/div><\/div>\n<\/div><\/div>\n\n<div class=\"wp-block-columns is-layout-flex wp-container-core-columns-is-layout-9d6595d7 wp-block-columns-is-layout-flex\">\n<div class=\"wp-block-column is-layout-flow wp-block-column-is-layout-flow\" style=\"flex-basis:100%\">\n<div class=\"wp-block-group\"><div class=\"wp-block-group__inner-container is-layout-flow wp-block-group-is-layout-flow\">\n<div class=\"wp-block-group mentions-header\"><div class=\"wp-block-group__inner-container is-layout-flow wp-block-group-is-layout-flow\">\n<p>6. Litiges<\/p>\n\n\n\n<figure class=\"wp-block-image size-large\"><img loading=\"lazy\" decoding=\"async\" width=\"36\" height=\"36\" src=\"https:\/\/chanel-rct.syspark.net\/chanel-df\/ecolelesage\/wp-content\/uploads\/sites\/4\/2020\/12\/chevron_right.png\" alt=\"\" class=\"wp-image-527\"\/><\/figure><\/div><\/div>\n\n\n\n<div class=\"wp-block-group mentions-text-block\"><div class=\"wp-block-group__inner-container is-layout-flow wp-block-group-is-layout-flow\">\n<p>Les pr\u00e9sentes mentions sont \u00e9tablies en conformit\u00e9 avec le droit fran\u00e7ais. Les juridictions fran\u00e7aises parisiennes sont territorialement comp\u00e9tentes pour conna\u00eetre de tout litige aff\u00e9rent au Site.<\/p>\n\n\n\n<p><\/p>\n\n\n\n<p>Derni\u00e8re mise \u00e0 jour : 30\/12\/2020<\/p>\n\n\n\n<p>Copyright \u00a9 LESAGE PARIS<\/p>\n<\/div><\/div>\n<\/div><\/div>\n<\/div>\n<\/div>\n\n<p><\/p>\n\n<p><\/p>\n","protected":false},"excerpt":{"rendered":"<p>1. PREFACE Sauf disposition contraire, les pr\u00e9sentes mentions l\u00e9gales sont applicables \u00e0 votre navigation sur le site Internet\u00a0www.ecolelesage.fr ci-apr\u00e8s d\u00e9sign\u00e9 le \u00ab Site \u00bb. La rubrique Donn\u00e9es Personnelles, qui r\u00e9git le traitement de vos donn\u00e9es personnelles, forme un ensemble contractuel avec les pr\u00e9sentes mentions l\u00e9gales. 2. Coordonn\u00e9es L\u2019Ecole Lesage est une activit\u00e9 de la soci\u00e9t\u00e9 [&hellip;]<\/p>\n","protected":false},"author":1,"featured_media":0,"parent":0,"menu_order":0,"comment_status":"closed","ping_status":"closed","template":"legal.php","meta":{"_acf_changed":false,"inline_featured_image":false,"footnotes":""},"class_list":["post-1450","page","type-page","status-publish","hentry"],"acf":[],"yoast_head":"<!-- This site is optimized with the Yoast SEO Premium plugin v24.2 (Yoast SEO v27.4) - https:\/\/yoast.com\/product\/yoast-seo-premium-wordpress\/ -->\n<title>Mentions l\u00e9gales - \u00c9cole Lesage<\/title>\n<meta name=\"robots\" content=\"index, follow, max-snippet:-1, max-image-preview:large, max-video-preview:-1\" \/>\n<link rel=\"canonical\" href=\"https:\/\/ecolelesage.com\/fr\/mentions-legales\/\" \/>\n<meta property=\"og:locale\" content=\"fr_FR\" \/>\n<meta property=\"og:type\" content=\"article\" \/>\n<meta property=\"og:title\" content=\"Mentions l\u00e9gales\" \/>\n<meta property=\"og:description\" content=\"1. PREFACE Sauf disposition contraire, les pr\u00e9sentes mentions l\u00e9gales sont applicables \u00e0 votre navigation sur le site Internet\u00a0www.ecolelesage.fr ci-apr\u00e8s d\u00e9sign\u00e9 le \u00ab Site \u00bb. La rubrique Donn\u00e9es Personnelles, qui r\u00e9git le traitement de vos donn\u00e9es personnelles, forme un ensemble contractuel avec les pr\u00e9sentes mentions l\u00e9gales. 2. Coordonn\u00e9es L\u2019Ecole Lesage est une activit\u00e9 de la soci\u00e9t\u00e9 [&hellip;]\" \/>\n<meta property=\"og:url\" content=\"https:\/\/ecolelesage.com\/fr\/mentions-legales\/\" \/>\n<meta property=\"og:site_name\" content=\"\u00c9cole Lesage\" \/>\n<meta property=\"article:modified_time\" content=\"2023-04-04T14:28:59+00:00\" \/>\n<meta property=\"og:image\" content=\"https:\/\/chanel-rct.syspark.net\/chanel-df\/ecolelesage\/wp-content\/uploads\/sites\/4\/2020\/12\/chevron_right.png\" \/>\n<meta name=\"twitter:card\" content=\"summary_large_image\" \/>\n<meta name=\"twitter:label1\" content=\"Dur\u00e9e de lecture estim\u00e9e\" \/>\n\t<meta name=\"twitter:data1\" content=\"4 minutes\" \/>\n<script type=\"application\/ld+json\" class=\"yoast-schema-graph\">{\"@context\":\"https:\\\/\\\/schema.org\",\"@graph\":[{\"@type\":\"WebPage\",\"@id\":\"https:\\\/\\\/ecolelesage.com\\\/fr\\\/mentions-legales\\\/\",\"url\":\"https:\\\/\\\/ecolelesage.com\\\/fr\\\/mentions-legales\\\/\",\"name\":\"Mentions l\u00e9gales - \u00c9cole Lesage\",\"isPartOf\":{\"@id\":\"https:\\\/\\\/ecolelesage.com\\\/fr\\\/#website\"},\"primaryImageOfPage\":{\"@id\":\"https:\\\/\\\/ecolelesage.com\\\/fr\\\/mentions-legales\\\/#primaryimage\"},\"image\":{\"@id\":\"https:\\\/\\\/ecolelesage.com\\\/fr\\\/mentions-legales\\\/#primaryimage\"},\"thumbnailUrl\":\"https:\\\/\\\/chanel-rct.syspark.net\\\/chanel-df\\\/ecolelesage\\\/wp-content\\\/uploads\\\/sites\\\/4\\\/2020\\\/12\\\/chevron_right.png\",\"datePublished\":\"2023-04-04T14:25:51+00:00\",\"dateModified\":\"2023-04-04T14:28:59+00:00\",\"breadcrumb\":{\"@id\":\"https:\\\/\\\/ecolelesage.com\\\/fr\\\/mentions-legales\\\/#breadcrumb\"},\"inLanguage\":\"fr-FR\",\"potentialAction\":[{\"@type\":\"ReadAction\",\"target\":[\"https:\\\/\\\/ecolelesage.com\\\/fr\\\/mentions-legales\\\/\"]}]},{\"@type\":\"ImageObject\",\"inLanguage\":\"fr-FR\",\"@id\":\"https:\\\/\\\/ecolelesage.com\\\/fr\\\/mentions-legales\\\/#primaryimage\",\"url\":\"https:\\\/\\\/chanel-rct.syspark.net\\\/chanel-df\\\/ecolelesage\\\/wp-content\\\/uploads\\\/sites\\\/4\\\/2020\\\/12\\\/chevron_right.png\",\"contentUrl\":\"https:\\\/\\\/chanel-rct.syspark.net\\\/chanel-df\\\/ecolelesage\\\/wp-content\\\/uploads\\\/sites\\\/4\\\/2020\\\/12\\\/chevron_right.png\"},{\"@type\":\"BreadcrumbList\",\"@id\":\"https:\\\/\\\/ecolelesage.com\\\/fr\\\/mentions-legales\\\/#breadcrumb\",\"itemListElement\":[{\"@type\":\"ListItem\",\"position\":1,\"name\":\"Home\",\"item\":\"https:\\\/\\\/ecolelesage.com\\\/fr\\\/\"},{\"@type\":\"ListItem\",\"position\":2,\"name\":\"Mentions l\u00e9gales\"}]},{\"@type\":\"WebSite\",\"@id\":\"https:\\\/\\\/ecolelesage.com\\\/fr\\\/#website\",\"url\":\"https:\\\/\\\/ecolelesage.com\\\/fr\\\/\",\"name\":\"\u00c9cole Lesage\",\"description\":\"\",\"potentialAction\":[{\"@type\":\"SearchAction\",\"target\":{\"@type\":\"EntryPoint\",\"urlTemplate\":\"https:\\\/\\\/ecolelesage.com\\\/fr\\\/?s={search_term_string}\"},\"query-input\":{\"@type\":\"PropertyValueSpecification\",\"valueRequired\":true,\"valueName\":\"search_term_string\"}}],\"inLanguage\":\"fr-FR\"}]}<\/script>\n<!-- \/ Yoast SEO Premium plugin. -->","yoast_head_json":{"title":"Mentions l\u00e9gales - \u00c9cole Lesage","robots":{"index":"index","follow":"follow","max-snippet":"max-snippet:-1","max-image-preview":"max-image-preview:large","max-video-preview":"max-video-preview:-1"},"canonical":"https:\/\/ecolelesage.com\/fr\/mentions-legales\/","og_locale":"fr_FR","og_type":"article","og_title":"Mentions l\u00e9gales","og_description":"1. PREFACE Sauf disposition contraire, les pr\u00e9sentes mentions l\u00e9gales sont applicables \u00e0 votre navigation sur le site Internet\u00a0www.ecolelesage.fr ci-apr\u00e8s d\u00e9sign\u00e9 le \u00ab Site \u00bb. La rubrique Donn\u00e9es Personnelles, qui r\u00e9git le traitement de vos donn\u00e9es personnelles, forme un ensemble contractuel avec les pr\u00e9sentes mentions l\u00e9gales. 2. Coordonn\u00e9es L\u2019Ecole Lesage est une activit\u00e9 de la soci\u00e9t\u00e9 [&hellip;]","og_url":"https:\/\/ecolelesage.com\/fr\/mentions-legales\/","og_site_name":"\u00c9cole Lesage","article_modified_time":"2023-04-04T14:28:59+00:00","og_image":[{"url":"https:\/\/chanel-rct.syspark.net\/chanel-df\/ecolelesage\/wp-content\/uploads\/sites\/4\/2020\/12\/chevron_right.png","type":"","width":"","height":""}],"twitter_card":"summary_large_image","twitter_misc":{"Dur\u00e9e de lecture estim\u00e9e":"4 minutes"},"schema":{"@context":"https:\/\/schema.org","@graph":[{"@type":"WebPage","@id":"https:\/\/ecolelesage.com\/fr\/mentions-legales\/","url":"https:\/\/ecolelesage.com\/fr\/mentions-legales\/","name":"Mentions l\u00e9gales - \u00c9cole Lesage","isPartOf":{"@id":"https:\/\/ecolelesage.com\/fr\/#website"},"primaryImageOfPage":{"@id":"https:\/\/ecolelesage.com\/fr\/mentions-legales\/#primaryimage"},"image":{"@id":"https:\/\/ecolelesage.com\/fr\/mentions-legales\/#primaryimage"},"thumbnailUrl":"https:\/\/chanel-rct.syspark.net\/chanel-df\/ecolelesage\/wp-content\/uploads\/sites\/4\/2020\/12\/chevron_right.png","datePublished":"2023-04-04T14:25:51+00:00","dateModified":"2023-04-04T14:28:59+00:00","breadcrumb":{"@id":"https:\/\/ecolelesage.com\/fr\/mentions-legales\/#breadcrumb"},"inLanguage":"fr-FR","potentialAction":[{"@type":"ReadAction","target":["https:\/\/ecolelesage.com\/fr\/mentions-legales\/"]}]},{"@type":"ImageObject","inLanguage":"fr-FR","@id":"https:\/\/ecolelesage.com\/fr\/mentions-legales\/#primaryimage","url":"https:\/\/chanel-rct.syspark.net\/chanel-df\/ecolelesage\/wp-content\/uploads\/sites\/4\/2020\/12\/chevron_right.png","contentUrl":"https:\/\/chanel-rct.syspark.net\/chanel-df\/ecolelesage\/wp-content\/uploads\/sites\/4\/2020\/12\/chevron_right.png"},{"@type":"BreadcrumbList","@id":"https:\/\/ecolelesage.com\/fr\/mentions-legales\/#breadcrumb","itemListElement":[{"@type":"ListItem","position":1,"name":"Home","item":"https:\/\/ecolelesage.com\/fr\/"},{"@type":"ListItem","position":2,"name":"Mentions l\u00e9gales"}]},{"@type":"WebSite","@id":"https:\/\/ecolelesage.com\/fr\/#website","url":"https:\/\/ecolelesage.com\/fr\/","name":"\u00c9cole Lesage","description":"","potentialAction":[{"@type":"SearchAction","target":{"@type":"EntryPoint","urlTemplate":"https:\/\/ecolelesage.com\/fr\/?s={search_term_string}"},"query-input":{"@type":"PropertyValueSpecification","valueRequired":true,"valueName":"search_term_string"}}],"inLanguage":"fr-FR"}]}},"_links":{"self":[{"href":"https:\/\/ecolelesage.com\/fr\/wp-json\/wp\/v2\/pages\/1450","targetHints":{"allow":["GET"]}}],"collection":[{"href":"https:\/\/ecolelesage.com\/fr\/wp-json\/wp\/v2\/pages"}],"about":[{"href":"https:\/\/ecolelesage.com\/fr\/wp-json\/wp\/v2\/types\/page"}],"author":[{"embeddable":true,"href":"https:\/\/ecolelesage.com\/fr\/wp-json\/wp\/v2\/users\/1"}],"replies":[{"embeddable":true,"href":"https:\/\/ecolelesage.com\/fr\/wp-json\/wp\/v2\/comments?post=1450"}],"version-history":[{"count":0,"href":"https:\/\/ecolelesage.com\/fr\/wp-json\/wp\/v2\/pages\/1450\/revisions"}],"wp:attachment":[{"href":"https:\/\/ecolelesage.com\/fr\/wp-json\/wp\/v2\/media?parent=1450"}],"curies":[{"name":"wp","href":"https:\/\/api.w.org\/{rel}","templated":true}]}}