{"id":12,"date":"2020-11-02T13:41:29","date_gmt":"2020-11-02T13:41:29","guid":{"rendered":"https:\/\/ecolelesage.com\/accueil\/"},"modified":"2026-03-31T11:27:36","modified_gmt":"2026-03-31T09:27:36","slug":"accueil","status":"publish","type":"page","link":"https:\/\/ecolelesage.com\/fr\/","title":{"rendered":"Page d&rsquo;accueil"},"content":{"rendered":"\n<div class=\"wp-block-group row no-gutters\"><div class=\"wp-block-group__inner-container is-layout-flow wp-block-group-is-layout-flow\">\n<div class=\"wp-block-group col-12 p-0\"><div class=\"wp-block-group__inner-container is-layout-flow wp-block-group-is-layout-flow\">\n<div class=\"wp-block-group grey carousel-section\"><div class=\"wp-block-group__inner-container is-layout-constrained wp-block-group-is-layout-constrained\">\n<div class=\"wp-block-columns are-vertically-aligned-top row no-gutters justify-content-center is-layout-flex wp-container-core-columns-is-layout-9d6595d7 wp-block-columns-is-layout-flex\">\n<div class=\"wp-block-column is-vertically-aligned-top col-6 col-md white home-module volets-4 is-layout-flow wp-block-column-is-layout-flow\" style=\"flex-basis:300px\">\n<div class=\"wp-block-group carousel-sub-txt\"><div class=\"wp-block-group__inner-container is-layout-flow wp-block-group-is-layout-flow\">\n<div class=\"wp-block-group carousel-sub-title\"><div class=\"wp-block-group__inner-container is-layout-flow wp-block-group-is-layout-flow\">\n<p class=\"subtitle\" style=\"font-size:20px\">Cours d&rsquo;Initiation<\/p>\n<\/div><\/div>\n\n\n\n<p style=\"font-size:15px\">D\u00e9couvrez les premi\u00e8res techniques de broderie \u00e0 l\u2019aiguille ou au crochet de Luneville.<\/p>\n\n\n\n<p style=\"font-size:15px\">Entre 6 et 30 heures de cours.<\/p>\n\n\n\n<div class=\"wp-block-buttons is-content-justification-left is-layout-flex wp-container-core-buttons-is-layout-fdcfc74e wp-block-buttons-is-layout-flex\">\n<div class=\"wp-block-button btn-large-white\"><a class=\"wp-block-button__link wp-element-button\" href=\"https:\/\/ecolelesage.com\/fr\/les-cours\/initiation\/\">En savoir plus<\/a><\/div>\n<\/div>\n<\/div><\/div>\n<\/div>\n\n\n\n<div class=\"wp-block-column is-vertically-aligned-top col-6 col-md white home-module volets-4 is-layout-flow wp-block-column-is-layout-flow\" style=\"flex-basis:300px\">\n<div class=\"wp-block-group carousel-sub-txt\"><div class=\"wp-block-group__inner-container is-layout-flow wp-block-group-is-layout-flow\">\n<div class=\"wp-block-group carousel-sub-title\"><div class=\"wp-block-group__inner-container is-layout-flow wp-block-group-is-layout-flow\">\n<p class=\"subtitle\" style=\"font-size:20px\">Cours de Perfectionnement<\/p>\n<\/div><\/div>\n\n\n\n<p style=\"font-size:15px\">Maitrisez, \u00e0 un niveau professionnel, toutes les techniques de broderie d\u2019art.<\/p>\n\n\n\n<p style=\"font-size:15px\">Entre 30 et 48 heures de cours.<\/p>\n\n\n\n<div class=\"wp-block-buttons is-layout-flex wp-block-buttons-is-layout-flex\">\n<div class=\"wp-block-button btn-large-white\"><a class=\"wp-block-button__link wp-element-button\" href=\"https:\/\/ecolelesage.com\/fr\/les-cours\/perfectionnement\/\">En savoir plus<\/a><\/div>\n<\/div>\n<\/div><\/div>\n<\/div>\n\n\n\n<div class=\"wp-block-column is-vertically-aligned-top col-6 col-md white home-module volets-4 is-layout-flow wp-block-column-is-layout-flow\" style=\"flex-basis:300px\">\n<div class=\"wp-block-group carousel-sub-txt\"><div class=\"wp-block-group__inner-container is-layout-flow wp-block-group-is-layout-flow\">\n<div class=\"wp-block-group carousel-sub-title\"><div class=\"wp-block-group__inner-container is-layout-flow wp-block-group-is-layout-flow\">\n<p class=\"subtitle\" style=\"font-size:20px\">Cours de Sp\u00e9cialisation<\/p>\n<\/div><\/div>\n\n\n\n<p style=\"font-size:15px\">Obtenez un niveau professionnel en broderie Haute Couture et\/ou en broderie d\u2019Int\u00e9rieur.<\/p>\n\n\n\n<p style=\"font-size:15px\">150 heures de cours pour chaque sp\u00e9cialit\u00e9.<\/p>\n\n\n\n<div class=\"wp-block-buttons is-layout-flex wp-block-buttons-is-layout-flex\">\n<div class=\"wp-block-button btn-large-white\"><a class=\"wp-block-button__link wp-element-button\" href=\"https:\/\/ecolelesage.com\/fr\/les-cours\/specialisation\/\">En savoir plus<\/a><\/div>\n<\/div>\n<\/div><\/div>\n<\/div>\n\n\n\n<div class=\"wp-block-column is-vertically-aligned-top col-6 col-md white home-module volets-4 is-layout-flow wp-block-column-is-layout-flow\" style=\"flex-basis:300px\">\n<div class=\"wp-block-group carousel-sub-txt\"><div class=\"wp-block-group__inner-container is-layout-flow wp-block-group-is-layout-flow\">\n<div class=\"wp-block-group carousel-sub-title\"><div class=\"wp-block-group__inner-container is-layout-flow wp-block-group-is-layout-flow\">\n<p class=\"subtitle\" style=\"font-size:20px\">S\u00e9minaires<\/p>\n<\/div><\/div>\n\n\n\n<p style=\"font-size:15px\">Une proposition adapt\u00e9e aux groupes souhaitant d\u00e9couvrir le savoir-faire de la broderie au travers d\u2019un atelier privatif.<\/p>\n\n\n\n<div class=\"wp-block-buttons is-layout-flex wp-block-buttons-is-layout-flex\">\n<div class=\"wp-block-button btn-large-white\"><a class=\"wp-block-button__link wp-element-button\" href=\"https:\/\/ecolelesage.com\/fr\/seminaires\/\">En savoir plus<\/a><\/div>\n<\/div>\n<\/div><\/div>\n<\/div>\n<\/div>\n<\/div><\/div>\n<\/div><\/div>\n<\/div><\/div>\n","protected":false},"excerpt":{"rendered":"<p>Cours d&rsquo;Initiation D\u00e9couvrez les premi\u00e8res techniques de broderie \u00e0 l\u2019aiguille ou au crochet de Luneville. Entre 6 et 30 heures de cours. Cours de Perfectionnement Maitrisez, \u00e0 un niveau professionnel, toutes les techniques de broderie d\u2019art. Entre 30 et 48 heures de cours. Cours de Sp\u00e9cialisation Obtenez un niveau professionnel en broderie Haute Couture et\/ou [&hellip;]<\/p>\n","protected":false},"author":1,"featured_media":0,"parent":0,"menu_order":0,"comment_status":"closed","ping_status":"closed","template":"","meta":{"_acf_changed":true,"inline_featured_image":false,"footnotes":""},"class_list":["post-12","page","type-page","status-publish","hentry"],"acf":[],"yoast_head":"<!-- This site is optimized with the Yoast SEO Premium plugin v24.2 (Yoast SEO v27.3) - https:\/\/yoast.com\/product\/yoast-seo-premium-wordpress\/ -->\n<title>\u00c9cole Lesage - Broderie d&#039;art<\/title>\n<meta name=\"description\" content=\"Venez d\u00e9couvrir le savoir-faire d&#039;excellence de l&#039;\u00c9cole Lesage en broderie d&#039;art et le large \u00e9ventail de formations qu&#039;elle propose \u00e0 tous les passionn\u00e9s de broderie avec un enseignement sur mesure.\" \/>\n<meta name=\"robots\" content=\"index, follow, max-snippet:-1, max-image-preview:large, max-video-preview:-1\" \/>\n<link rel=\"canonical\" href=\"https:\/\/ecolelesage.com\/fr\/\" \/>\n<meta property=\"og:locale\" content=\"fr_FR\" \/>\n<meta property=\"og:type\" content=\"article\" \/>\n<meta property=\"og:title\" content=\"Page d&#039;accueil\" \/>\n<meta property=\"og:description\" content=\"Venez d\u00e9couvrir le savoir-faire d&#039;excellence de l&#039;\u00c9cole Lesage en broderie d&#039;art et le large \u00e9ventail de formations qu&#039;elle propose \u00e0 tous les passionn\u00e9s de broderie avec un enseignement sur mesure.\" \/>\n<meta property=\"og:url\" content=\"https:\/\/ecolelesage.com\/fr\/\" \/>\n<meta property=\"og:site_name\" content=\"\u00c9cole Lesage\" \/>\n<meta property=\"article:modified_time\" content=\"2026-03-31T09:27:36+00:00\" \/>\n<meta name=\"twitter:card\" content=\"summary_large_image\" \/>\n<meta name=\"twitter:label1\" content=\"Dur\u00e9e de lecture estim\u00e9e\" \/>\n\t<meta name=\"twitter:data1\" content=\"1 minute\" \/>\n<script type=\"application\/ld+json\" class=\"yoast-schema-graph\">{\"@context\":\"https:\\\/\\\/schema.org\",\"@graph\":[{\"@type\":\"WebPage\",\"@id\":\"https:\\\/\\\/ecolelesage.com\\\/fr\\\/\",\"url\":\"https:\\\/\\\/ecolelesage.com\\\/fr\\\/\",\"name\":\"\u00c9cole Lesage - Broderie d'art\",\"isPartOf\":{\"@id\":\"https:\\\/\\\/ecolelesage.com\\\/fr\\\/#website\"},\"datePublished\":\"2020-11-02T13:41:29+00:00\",\"dateModified\":\"2026-03-31T09:27:36+00:00\",\"description\":\"Venez d\u00e9couvrir le savoir-faire d'excellence de l'\u00c9cole Lesage en broderie d'art et le large \u00e9ventail de formations qu'elle propose \u00e0 tous les passionn\u00e9s de broderie avec un enseignement sur mesure.\",\"breadcrumb\":{\"@id\":\"https:\\\/\\\/ecolelesage.com\\\/fr\\\/#breadcrumb\"},\"inLanguage\":\"fr-FR\",\"potentialAction\":[{\"@type\":\"ReadAction\",\"target\":[\"https:\\\/\\\/ecolelesage.com\\\/fr\\\/\"]}]},{\"@type\":\"BreadcrumbList\",\"@id\":\"https:\\\/\\\/ecolelesage.com\\\/fr\\\/#breadcrumb\",\"itemListElement\":[{\"@type\":\"ListItem\",\"position\":1,\"name\":\"Home\",\"item\":\"https:\\\/\\\/ecolelesage.com\\\/fr\\\/\"},{\"@type\":\"ListItem\",\"position\":2,\"name\":\"Page d&#8217;accueil\"}]},{\"@type\":\"WebSite\",\"@id\":\"https:\\\/\\\/ecolelesage.com\\\/fr\\\/#website\",\"url\":\"https:\\\/\\\/ecolelesage.com\\\/fr\\\/\",\"name\":\"\u00c9cole Lesage\",\"description\":\"\",\"potentialAction\":[{\"@type\":\"SearchAction\",\"target\":{\"@type\":\"EntryPoint\",\"urlTemplate\":\"https:\\\/\\\/ecolelesage.com\\\/fr\\\/?s={search_term_string}\"},\"query-input\":{\"@type\":\"PropertyValueSpecification\",\"valueRequired\":true,\"valueName\":\"search_term_string\"}}],\"inLanguage\":\"fr-FR\"}]}<\/script>\n<!-- \/ Yoast SEO Premium plugin. -->","yoast_head_json":{"title":"\u00c9cole Lesage - Broderie d'art","description":"Venez d\u00e9couvrir le savoir-faire d'excellence de l'\u00c9cole Lesage en broderie d'art et le large \u00e9ventail de formations qu'elle propose \u00e0 tous les passionn\u00e9s de broderie avec un enseignement sur mesure.","robots":{"index":"index","follow":"follow","max-snippet":"max-snippet:-1","max-image-preview":"max-image-preview:large","max-video-preview":"max-video-preview:-1"},"canonical":"https:\/\/ecolelesage.com\/fr\/","og_locale":"fr_FR","og_type":"article","og_title":"Page d'accueil","og_description":"Venez d\u00e9couvrir le savoir-faire d'excellence de l'\u00c9cole Lesage en broderie d'art et le large \u00e9ventail de formations qu'elle propose \u00e0 tous les passionn\u00e9s de broderie avec un enseignement sur mesure.","og_url":"https:\/\/ecolelesage.com\/fr\/","og_site_name":"\u00c9cole Lesage","article_modified_time":"2026-03-31T09:27:36+00:00","twitter_card":"summary_large_image","twitter_misc":{"Dur\u00e9e de lecture estim\u00e9e":"1 minute"},"schema":{"@context":"https:\/\/schema.org","@graph":[{"@type":"WebPage","@id":"https:\/\/ecolelesage.com\/fr\/","url":"https:\/\/ecolelesage.com\/fr\/","name":"\u00c9cole Lesage - Broderie d'art","isPartOf":{"@id":"https:\/\/ecolelesage.com\/fr\/#website"},"datePublished":"2020-11-02T13:41:29+00:00","dateModified":"2026-03-31T09:27:36+00:00","description":"Venez d\u00e9couvrir le savoir-faire d'excellence de l'\u00c9cole Lesage en broderie d'art et le large \u00e9ventail de formations qu'elle propose \u00e0 tous les passionn\u00e9s de broderie avec un enseignement sur mesure.","breadcrumb":{"@id":"https:\/\/ecolelesage.com\/fr\/#breadcrumb"},"inLanguage":"fr-FR","potentialAction":[{"@type":"ReadAction","target":["https:\/\/ecolelesage.com\/fr\/"]}]},{"@type":"BreadcrumbList","@id":"https:\/\/ecolelesage.com\/fr\/#breadcrumb","itemListElement":[{"@type":"ListItem","position":1,"name":"Home","item":"https:\/\/ecolelesage.com\/fr\/"},{"@type":"ListItem","position":2,"name":"Page d&#8217;accueil"}]},{"@type":"WebSite","@id":"https:\/\/ecolelesage.com\/fr\/#website","url":"https:\/\/ecolelesage.com\/fr\/","name":"\u00c9cole Lesage","description":"","potentialAction":[{"@type":"SearchAction","target":{"@type":"EntryPoint","urlTemplate":"https:\/\/ecolelesage.com\/fr\/?s={search_term_string}"},"query-input":{"@type":"PropertyValueSpecification","valueRequired":true,"valueName":"search_term_string"}}],"inLanguage":"fr-FR"}]}},"_links":{"self":[{"href":"https:\/\/ecolelesage.com\/fr\/wp-json\/wp\/v2\/pages\/12","targetHints":{"allow":["GET"]}}],"collection":[{"href":"https:\/\/ecolelesage.com\/fr\/wp-json\/wp\/v2\/pages"}],"about":[{"href":"https:\/\/ecolelesage.com\/fr\/wp-json\/wp\/v2\/types\/page"}],"author":[{"embeddable":true,"href":"https:\/\/ecolelesage.com\/fr\/wp-json\/wp\/v2\/users\/1"}],"replies":[{"embeddable":true,"href":"https:\/\/ecolelesage.com\/fr\/wp-json\/wp\/v2\/comments?post=12"}],"version-history":[{"count":0,"href":"https:\/\/ecolelesage.com\/fr\/wp-json\/wp\/v2\/pages\/12\/revisions"}],"wp:attachment":[{"href":"https:\/\/ecolelesage.com\/fr\/wp-json\/wp\/v2\/media?parent=12"}],"curies":[{"name":"wp","href":"https:\/\/api.w.org\/{rel}","templated":true}]}}